{"id":12866,"date":"2026-03-10T00:00:19","date_gmt":"2026-03-10T04:00:19","guid":{"rendered":"https:\/\/www.paysagesrossignol.com\/produit\/melon-deau-early-canada-improved\/"},"modified":"2026-03-10T15:15:57","modified_gmt":"2026-03-10T19:15:57","slug":"melon-deau-early-canada-improved","status":"publish","type":"product","link":"https:\/\/www.paysagesrossignol.com\/en\/produit\/melon-deau-early-canada-improved\/","title":{"rendered":"Melon d&#8217;eau Early Canada Improved"},"content":{"rendered":"<h1>Voir disponibilit\u00e9 en magasin<\/h1>\n<p>Ce melon d&#8217;eau Greybelle fournit de bonnes r\u00e9coltes de fruits quasiment rond, qui peuvent atteindre jusqu&#8217;\u00e0 6,5 kg (15 lbs). L&#8217;\u00e9corce est d&#8217;un vert gris\u00e2tre lign\u00e9 plus fonc\u00e9, contenant une chaire rose fonc\u00e9e sucr\u00e9e et d\u00e9licieuse. Il ne faut pas d\u00e9ranger les racines lors du repiquage.<\/p>\n<p>80 jours \u00e0 la r\u00e9colte<\/p>\n<p>McKenzie<\/p>\n","protected":false},"excerpt":{"rendered":"<p>Voir disponibilit\u00e9 en magasin Ce melon d&#8217;eau Greybelle fournit de bonnes r\u00e9coltes de fruits quasiment rond, qui peuvent atteindre jusqu&#8217;\u00e0 6,5 kg (15 lbs). L&#8217;\u00e9corce est d&#8217;un vert gris\u00e2tre lign\u00e9 plus fonc\u00e9, contenant une chaire rose fonc\u00e9e sucr\u00e9e et d\u00e9licieuse. Il ne faut pas d\u00e9ranger les racines lors du repiquage. 80 jours \u00e0 la r\u00e9colte [&hellip;]<\/p>\n","protected":false},"featured_media":28116,"template":"","meta":[],"product_cat":[125],"product_tag":[],"acf":[],"_links":{"self":[{"href":"https:\/\/www.paysagesrossignol.com\/en\/wp-json\/wp\/v2\/product\/12866"}],"collection":[{"href":"https:\/\/www.paysagesrossignol.com\/en\/wp-json\/wp\/v2\/product"}],"about":[{"href":"https:\/\/www.paysagesrossignol.com\/en\/wp-json\/wp\/v2\/types\/product"}],"wp:featuredmedia":[{"embeddable":true,"href":"https:\/\/www.paysagesrossignol.com\/en\/wp-json\/wp\/v2\/media\/28116"}],"wp:attachment":[{"href":"https:\/\/www.paysagesrossignol.com\/en\/wp-json\/wp\/v2\/media?parent=12866"}],"wp:term":[{"taxonomy":"product_cat","embeddable":true,"href":"https:\/\/www.paysagesrossignol.com\/en\/wp-json\/wp\/v2\/product_cat?post=12866"},{"taxonomy":"product_tag","embeddable":true,"href":"https:\/\/www.paysagesrossignol.com\/en\/wp-json\/wp\/v2\/product_tag?post=12866"}],"curies":[{"name":"wp","href":"https:\/\/api.w.org\/{rel}","templated":true}]}}