{"id":12884,"date":"2026-03-10T00:00:27","date_gmt":"2026-03-10T04:00:27","guid":{"rendered":"https:\/\/www.paysagesrossignol.com\/produit\/citrouille-jack-olantern\/"},"modified":"2026-03-12T13:13:42","modified_gmt":"2026-03-12T17:13:42","slug":"citrouille-jack-olantern","status":"publish","type":"product","link":"https:\/\/www.paysagesrossignol.com\/en\/produit\/citrouille-jack-olantern\/","title":{"rendered":"Citrouille Jack O&#8217;Lantern"},"content":{"rendered":"<h1>Voir disponibilit\u00e9 en magasin<\/h1>\n<p>La citrouille id\u00e9ale pour l&#8217;Halloween. Excellente pour la sculpture. La peau orange brillant est lisse et ferme. Poids moyen: 4.5 kg (10 lbs). Une chair \u00e0 texture fine: parfait pour la tarte \u00e0 la citrouille! \u00c0 partir de la fin de l&#8217;\u00e9t\u00e9, supprimez toute fleur ou nouveau fruit qui se d\u00e9veloppe, pour augmenter la croissance des fruits d\u00e9j\u00e0 form\u00e9s. R\u00e9coltez \u00e0 la maturit\u00e9 compl\u00e8te. Coupez la citrouille en laissant une partie de la tige sur le fruit pour servir de poign\u00e9e.<\/p>\n<p>110 jours \u00e0 la r\u00e9colte<\/p>\n<p>McKenzie<\/p>\n","protected":false},"excerpt":{"rendered":"<p>Voir disponibilit\u00e9 en magasin La citrouille id\u00e9ale pour l&#8217;Halloween. Excellente pour la sculpture. La peau orange brillant est lisse et ferme. Poids moyen: 4.5 kg (10 lbs). Une chair \u00e0 texture fine: parfait pour la tarte \u00e0 la citrouille! \u00c0 partir de la fin de l&#8217;\u00e9t\u00e9, supprimez toute fleur ou nouveau fruit qui se d\u00e9veloppe, [&hellip;]<\/p>\n","protected":false},"featured_media":23519,"template":"","meta":[],"product_cat":[125],"product_tag":[],"acf":[],"_links":{"self":[{"href":"https:\/\/www.paysagesrossignol.com\/en\/wp-json\/wp\/v2\/product\/12884"}],"collection":[{"href":"https:\/\/www.paysagesrossignol.com\/en\/wp-json\/wp\/v2\/product"}],"about":[{"href":"https:\/\/www.paysagesrossignol.com\/en\/wp-json\/wp\/v2\/types\/product"}],"wp:featuredmedia":[{"embeddable":true,"href":"https:\/\/www.paysagesrossignol.com\/en\/wp-json\/wp\/v2\/media\/23519"}],"wp:attachment":[{"href":"https:\/\/www.paysagesrossignol.com\/en\/wp-json\/wp\/v2\/media?parent=12884"}],"wp:term":[{"taxonomy":"product_cat","embeddable":true,"href":"https:\/\/www.paysagesrossignol.com\/en\/wp-json\/wp\/v2\/product_cat?post=12884"},{"taxonomy":"product_tag","embeddable":true,"href":"https:\/\/www.paysagesrossignol.com\/en\/wp-json\/wp\/v2\/product_tag?post=12884"}],"curies":[{"name":"wp","href":"https:\/\/api.w.org\/{rel}","templated":true}]}}