{"id":12893,"date":"2026-03-10T00:00:32","date_gmt":"2026-03-10T04:00:32","guid":{"rendered":"https:\/\/www.paysagesrossignol.com\/produit\/chou-frise-nain-green-curled\/"},"modified":"2026-03-10T17:08:27","modified_gmt":"2026-03-10T21:08:27","slug":"chou-frise-nain-green-curled","status":"publish","type":"product","link":"https:\/\/www.paysagesrossignol.com\/en\/produit\/chou-frise-nain-green-curled\/","title":{"rendered":"Chou Fris\u00e9 Nain Green Curled"},"content":{"rendered":"<h1>Voir disponibilit\u00e9 en magasin<\/h1>\n<p>Feuilles fris\u00e9es vertes d\u00e9coratives. Peut \u00eatre servi cuit \u00e0 la vapeur comme plat d&#8217;accompagnement ou lorsque jeune, hach\u00e9 en salade. Le chou fris\u00e9 est la plus ancienne vari\u00e9t\u00e9 de chou et est sup\u00e9rieur \u00e0 la plupart des l\u00e9gumes pour son contenu en prot\u00e9ines, vitamines et min\u00e9raux. C&#8217;est un l\u00e9gume de climat frais qui pr\u00e9f\u00e8re un sol riche et bien drain\u00e9 qui retient l&#8217;humidit\u00e9. Le go\u00fbt s&#8217;am\u00e9liore apr\u00e8s un gel l\u00e9ger. Lent \u00e0 monter en graine.<\/p>\n<p>60-75 jours \u00e0 la r\u00e9colte<\/p>\n<p>McKenzie<\/p>\n","protected":false},"excerpt":{"rendered":"<p>Voir disponibilit\u00e9 en magasin Feuilles fris\u00e9es vertes d\u00e9coratives. Peut \u00eatre servi cuit \u00e0 la vapeur comme plat d&#8217;accompagnement ou lorsque jeune, hach\u00e9 en salade. Le chou fris\u00e9 est la plus ancienne vari\u00e9t\u00e9 de chou et est sup\u00e9rieur \u00e0 la plupart des l\u00e9gumes pour son contenu en prot\u00e9ines, vitamines et min\u00e9raux. C&#8217;est un l\u00e9gume de climat [&hellip;]<\/p>\n","protected":false},"featured_media":23165,"template":"","meta":[],"product_cat":[125],"product_tag":[],"acf":[],"_links":{"self":[{"href":"https:\/\/www.paysagesrossignol.com\/en\/wp-json\/wp\/v2\/product\/12893"}],"collection":[{"href":"https:\/\/www.paysagesrossignol.com\/en\/wp-json\/wp\/v2\/product"}],"about":[{"href":"https:\/\/www.paysagesrossignol.com\/en\/wp-json\/wp\/v2\/types\/product"}],"wp:featuredmedia":[{"embeddable":true,"href":"https:\/\/www.paysagesrossignol.com\/en\/wp-json\/wp\/v2\/media\/23165"}],"wp:attachment":[{"href":"https:\/\/www.paysagesrossignol.com\/en\/wp-json\/wp\/v2\/media?parent=12893"}],"wp:term":[{"taxonomy":"product_cat","embeddable":true,"href":"https:\/\/www.paysagesrossignol.com\/en\/wp-json\/wp\/v2\/product_cat?post=12893"},{"taxonomy":"product_tag","embeddable":true,"href":"https:\/\/www.paysagesrossignol.com\/en\/wp-json\/wp\/v2\/product_tag?post=12893"}],"curies":[{"name":"wp","href":"https:\/\/api.w.org\/{rel}","templated":true}]}}