{"id":12898,"date":"2026-03-10T00:00:32","date_gmt":"2026-03-10T04:00:32","guid":{"rendered":"https:\/\/www.paysagesrossignol.com\/produit\/asperge-viking\/"},"modified":"2026-03-12T13:16:09","modified_gmt":"2026-03-12T17:16:09","slug":"asperge-viking","status":"publish","type":"product","link":"https:\/\/www.paysagesrossignol.com\/en\/produit\/asperge-viking\/","title":{"rendered":"Asperge Viking"},"content":{"rendered":"<h1>Voir disponibilit\u00e9 en magasin<\/h1>\n<p>L&#8217;une des vari\u00e9t\u00e9s les plus rustiques et les plus productives. Tiges savoureuses de couleur vert fonc\u00e9. Attendez-vous \u00e0 une r\u00e9colte l\u00e9g\u00e8re la deuxi\u00e8me ann\u00e9e; une pleine r\u00e9colte la troisi\u00e8me ann\u00e9e Binez souvent. R\u00e9coltez quand les tiges atteignent 20 cm (8&#8243;) de longueur et que les bourgeons \u00e0 l&#8217;extr\u00e9mit\u00e9 de la tige sont encore bien serr\u00e9s. TRUC: Faites tremper les graines dans de l&#8217;eau \u00e0 temp\u00e9rature ambiante 12 \u00e0 24 heures avant le semis pour favoriser la germination.<\/p>\n<p>2-3 ans \u00e0 la r\u00e9colte<\/p>\n<p>McKenzie<\/p>\n","protected":false},"excerpt":{"rendered":"<p>Voir disponibilit\u00e9 en magasin L&#8217;une des vari\u00e9t\u00e9s les plus rustiques et les plus productives. Tiges savoureuses de couleur vert fonc\u00e9. Attendez-vous \u00e0 une r\u00e9colte l\u00e9g\u00e8re la deuxi\u00e8me ann\u00e9e; une pleine r\u00e9colte la troisi\u00e8me ann\u00e9e Binez souvent. R\u00e9coltez quand les tiges atteignent 20 cm (8&#8243;) de longueur et que les bourgeons \u00e0 l&#8217;extr\u00e9mit\u00e9 de la tige [&hellip;]<\/p>\n","protected":false},"featured_media":23220,"template":"","meta":[],"product_cat":[125],"product_tag":[],"acf":[],"_links":{"self":[{"href":"https:\/\/www.paysagesrossignol.com\/en\/wp-json\/wp\/v2\/product\/12898"}],"collection":[{"href":"https:\/\/www.paysagesrossignol.com\/en\/wp-json\/wp\/v2\/product"}],"about":[{"href":"https:\/\/www.paysagesrossignol.com\/en\/wp-json\/wp\/v2\/types\/product"}],"wp:featuredmedia":[{"embeddable":true,"href":"https:\/\/www.paysagesrossignol.com\/en\/wp-json\/wp\/v2\/media\/23220"}],"wp:attachment":[{"href":"https:\/\/www.paysagesrossignol.com\/en\/wp-json\/wp\/v2\/media?parent=12898"}],"wp:term":[{"taxonomy":"product_cat","embeddable":true,"href":"https:\/\/www.paysagesrossignol.com\/en\/wp-json\/wp\/v2\/product_cat?post=12898"},{"taxonomy":"product_tag","embeddable":true,"href":"https:\/\/www.paysagesrossignol.com\/en\/wp-json\/wp\/v2\/product_tag?post=12898"}],"curies":[{"name":"wp","href":"https:\/\/api.w.org\/{rel}","templated":true}]}}