{"id":12904,"date":"2026-03-10T00:00:36","date_gmt":"2026-03-10T04:00:36","guid":{"rendered":"https:\/\/www.paysagesrossignol.com\/produit\/ciboulette-mckenzie\/"},"modified":"2026-03-12T14:20:24","modified_gmt":"2026-03-12T18:20:24","slug":"ciboulette-mckenzie","status":"publish","type":"product","link":"https:\/\/www.paysagesrossignol.com\/en\/produit\/ciboulette-mckenzie\/","title":{"rendered":"Ciboulette"},"content":{"rendered":"<h1>Voir disponibilit\u00e9 en magasin<\/h1>\n<p>La ciboulette forme des touffes de feuilles en forme de gramin\u00e9e, creuses \u00e0 saveur l\u00e9g\u00e8re d&#8217;oignon. Ses jolies fleurs sont rose lavande. D\u00e9licieuse dans la soupe, la salade, avec les mets \u00e0 base de fromage ou d&#8217;\u0153ufs et aussi, bien s\u00fbr, sur les pommes de terre au four avec de la cr\u00e8me sure. R\u00e9coltez souvent en coupant les feuilles \u00e0 5 cm (2&#8243;) du sol. Peut \u00eatre s\u00e9ch\u00e9e ou congel\u00e9e. Hauteur de la plante: 25-38 cm (10-15&#8243;). Vivace. Zones 3-9.<\/p>\n<p>80 jours \u00e0 la r\u00e9colte<\/p>\n<p>McKenzie<\/p>\n<p>&nbsp;<\/p>\n","protected":false},"excerpt":{"rendered":"<p>Voir disponibilit\u00e9 en magasin La ciboulette forme des touffes de feuilles en forme de gramin\u00e9e, creuses \u00e0 saveur l\u00e9g\u00e8re d&#8217;oignon. Ses jolies fleurs sont rose lavande. D\u00e9licieuse dans la soupe, la salade, avec les mets \u00e0 base de fromage ou d&#8217;\u0153ufs et aussi, bien s\u00fbr, sur les pommes de terre au four avec de la [&hellip;]<\/p>\n","protected":false},"featured_media":23123,"template":"","meta":[],"product_cat":[125],"product_tag":[],"acf":[],"_links":{"self":[{"href":"https:\/\/www.paysagesrossignol.com\/en\/wp-json\/wp\/v2\/product\/12904"}],"collection":[{"href":"https:\/\/www.paysagesrossignol.com\/en\/wp-json\/wp\/v2\/product"}],"about":[{"href":"https:\/\/www.paysagesrossignol.com\/en\/wp-json\/wp\/v2\/types\/product"}],"wp:featuredmedia":[{"embeddable":true,"href":"https:\/\/www.paysagesrossignol.com\/en\/wp-json\/wp\/v2\/media\/23123"}],"wp:attachment":[{"href":"https:\/\/www.paysagesrossignol.com\/en\/wp-json\/wp\/v2\/media?parent=12904"}],"wp:term":[{"taxonomy":"product_cat","embeddable":true,"href":"https:\/\/www.paysagesrossignol.com\/en\/wp-json\/wp\/v2\/product_cat?post=12904"},{"taxonomy":"product_tag","embeddable":true,"href":"https:\/\/www.paysagesrossignol.com\/en\/wp-json\/wp\/v2\/product_tag?post=12904"}],"curies":[{"name":"wp","href":"https:\/\/api.w.org\/{rel}","templated":true}]}}