{"id":12910,"date":"2026-03-10T00:00:36","date_gmt":"2026-03-10T04:00:36","guid":{"rendered":"https:\/\/www.paysagesrossignol.com\/produit\/marguerite-alaska\/"},"modified":"2026-03-12T14:44:19","modified_gmt":"2026-03-12T18:44:19","slug":"marguerite-alaska","status":"publish","type":"product","link":"https:\/\/www.paysagesrossignol.com\/en\/produit\/marguerite-alaska\/","title":{"rendered":"Marguerite Alaska"},"content":{"rendered":"<h1>Voir disponibilit\u00e9 en magasin<\/h1>\n<p>Marguerite typique dont les fleurs simples blanches \u00e0 coeur jaune contrastent magnifiquement avec le feuillage vert fonc\u00e9 et lanc\u00e9ol\u00e9. Plante fiable qui tol\u00e8re des conditions m\u00e9t\u00e9orologiques variables. Pr\u00e9f\u00e8re un sol bien drain\u00e9. Fleurit abondamment. Bon choix pour les arrangements floraux, les plates-bandes et les bordures. Vivace. Zones 4-9. Chrysanthemum Maximum<\/p>\n<p>Fleurit chaque ann\u00e9e<\/p>\n<p>McKenzie<\/p>\n","protected":false},"excerpt":{"rendered":"<p>Voir disponibilit\u00e9 en magasin Marguerite typique dont les fleurs simples blanches \u00e0 coeur jaune contrastent magnifiquement avec le feuillage vert fonc\u00e9 et lanc\u00e9ol\u00e9. Plante fiable qui tol\u00e8re des conditions m\u00e9t\u00e9orologiques variables. Pr\u00e9f\u00e8re un sol bien drain\u00e9. Fleurit abondamment. Bon choix pour les arrangements floraux, les plates-bandes et les bordures. Vivace. Zones 4-9. Chrysanthemum Maximum Fleurit [&hellip;]<\/p>\n","protected":false},"featured_media":23857,"template":"","meta":[],"product_cat":[124],"product_tag":[],"acf":[],"_links":{"self":[{"href":"https:\/\/www.paysagesrossignol.com\/en\/wp-json\/wp\/v2\/product\/12910"}],"collection":[{"href":"https:\/\/www.paysagesrossignol.com\/en\/wp-json\/wp\/v2\/product"}],"about":[{"href":"https:\/\/www.paysagesrossignol.com\/en\/wp-json\/wp\/v2\/types\/product"}],"wp:featuredmedia":[{"embeddable":true,"href":"https:\/\/www.paysagesrossignol.com\/en\/wp-json\/wp\/v2\/media\/23857"}],"wp:attachment":[{"href":"https:\/\/www.paysagesrossignol.com\/en\/wp-json\/wp\/v2\/media?parent=12910"}],"wp:term":[{"taxonomy":"product_cat","embeddable":true,"href":"https:\/\/www.paysagesrossignol.com\/en\/wp-json\/wp\/v2\/product_cat?post=12910"},{"taxonomy":"product_tag","embeddable":true,"href":"https:\/\/www.paysagesrossignol.com\/en\/wp-json\/wp\/v2\/product_tag?post=12910"}],"curies":[{"name":"wp","href":"https:\/\/api.w.org\/{rel}","templated":true}]}}