{"id":12912,"date":"2026-03-10T00:00:40","date_gmt":"2026-03-10T04:00:40","guid":{"rendered":"https:\/\/www.paysagesrossignol.com\/produit\/ancolie-a-eperon-long-en-melange\/"},"modified":"2026-03-12T15:01:57","modified_gmt":"2026-03-12T19:01:57","slug":"ancolie-a-eperon-long-en-melange","status":"publish","type":"product","link":"https:\/\/www.paysagesrossignol.com\/en\/produit\/ancolie-a-eperon-long-en-melange\/","title":{"rendered":"Ancolie \u00e0 \u00c9peron Long en m\u00e9lange"},"content":{"rendered":"<h1>Voir disponibilit\u00e9 en magasin<\/h1>\n<p>Les tiges fortes et r\u00e9sistantes de l&#8217;ancolie se couvrent de fleurs pench\u00e9es attrayantes et bicolores de 10 cm (4&#8243;) de diam\u00e8tre \u00e0 \u00e9peron longs. Ses teintes intenses ajouteront du charme et de la beaut\u00e9 \u00e0 votre am\u00e9nagement. De culture facile, elle est florif\u00e8re et r\u00e9siste \u00e0 la chaleur. Pr\u00e9f\u00e8re les sols riches, sablonneux et bien drain\u00e9s. Vivace. Zone 3-9. Aquilegia x Hybrida<\/p>\n<p>Fleurit chaque ann\u00e9e<\/p>\n<p>McKenzie<\/p>\n<p>&nbsp;<\/p>\n","protected":false},"excerpt":{"rendered":"<p>Voir disponibilit\u00e9 en magasin Les tiges fortes et r\u00e9sistantes de l&#8217;ancolie se couvrent de fleurs pench\u00e9es attrayantes et bicolores de 10 cm (4&#8243;) de diam\u00e8tre \u00e0 \u00e9peron longs. Ses teintes intenses ajouteront du charme et de la beaut\u00e9 \u00e0 votre am\u00e9nagement. De culture facile, elle est florif\u00e8re et r\u00e9siste \u00e0 la chaleur. Pr\u00e9f\u00e8re les sols [&hellip;]<\/p>\n","protected":false},"featured_media":23872,"template":"","meta":[],"product_cat":[124],"product_tag":[],"acf":[],"_links":{"self":[{"href":"https:\/\/www.paysagesrossignol.com\/en\/wp-json\/wp\/v2\/product\/12912"}],"collection":[{"href":"https:\/\/www.paysagesrossignol.com\/en\/wp-json\/wp\/v2\/product"}],"about":[{"href":"https:\/\/www.paysagesrossignol.com\/en\/wp-json\/wp\/v2\/types\/product"}],"wp:featuredmedia":[{"embeddable":true,"href":"https:\/\/www.paysagesrossignol.com\/en\/wp-json\/wp\/v2\/media\/23872"}],"wp:attachment":[{"href":"https:\/\/www.paysagesrossignol.com\/en\/wp-json\/wp\/v2\/media?parent=12912"}],"wp:term":[{"taxonomy":"product_cat","embeddable":true,"href":"https:\/\/www.paysagesrossignol.com\/en\/wp-json\/wp\/v2\/product_cat?post=12912"},{"taxonomy":"product_tag","embeddable":true,"href":"https:\/\/www.paysagesrossignol.com\/en\/wp-json\/wp\/v2\/product_tag?post=12912"}],"curies":[{"name":"wp","href":"https:\/\/api.w.org\/{rel}","templated":true}]}}