{"id":12928,"date":"2026-03-10T00:00:44","date_gmt":"2026-03-10T04:00:44","guid":{"rendered":"https:\/\/www.paysagesrossignol.com\/produit\/persil-champion-moss-curled\/"},"modified":"2026-03-12T14:18:13","modified_gmt":"2026-03-12T18:18:13","slug":"persil-champion-moss-curled","status":"publish","type":"product","link":"https:\/\/www.paysagesrossignol.com\/en\/produit\/persil-champion-moss-curled\/","title":{"rendered":"Persil Champion Moss Curled"},"content":{"rendered":"<h1>Voir disponibilit\u00e9 en magasin<\/h1>\n<p>Feuillage dense et finement d\u00e9coup\u00e9, fris\u00e9 et de couleur vert tr\u00e8s fonc\u00e9. Un bon choix pour rehausser la saveur des soupes, salades et rago\u00fbts ou comme garniture. Tr\u00e8s bon pour la cong\u00e9lation. Pour stimuler une germination plus rapide, faites tremper les graines dans de l&#8217;eau ti\u00e8de pendant 24 heures. Pr\u00e9f\u00e8re mi-ombre. Bisannuelle.<\/p>\n<p>75 jours \u00e0 la r\u00e9colte<\/p>\n<p>McKenzie<\/p>\n","protected":false},"excerpt":{"rendered":"<p>Voir disponibilit\u00e9 en magasin Feuillage dense et finement d\u00e9coup\u00e9, fris\u00e9 et de couleur vert tr\u00e8s fonc\u00e9. Un bon choix pour rehausser la saveur des soupes, salades et rago\u00fbts ou comme garniture. Tr\u00e8s bon pour la cong\u00e9lation. Pour stimuler une germination plus rapide, faites tremper les graines dans de l&#8217;eau ti\u00e8de pendant 24 heures. Pr\u00e9f\u00e8re mi-ombre. [&hellip;]<\/p>\n","protected":false},"featured_media":23467,"template":"","meta":[],"product_cat":[125],"product_tag":[],"acf":[],"_links":{"self":[{"href":"https:\/\/www.paysagesrossignol.com\/en\/wp-json\/wp\/v2\/product\/12928"}],"collection":[{"href":"https:\/\/www.paysagesrossignol.com\/en\/wp-json\/wp\/v2\/product"}],"about":[{"href":"https:\/\/www.paysagesrossignol.com\/en\/wp-json\/wp\/v2\/types\/product"}],"wp:featuredmedia":[{"embeddable":true,"href":"https:\/\/www.paysagesrossignol.com\/en\/wp-json\/wp\/v2\/media\/23467"}],"wp:attachment":[{"href":"https:\/\/www.paysagesrossignol.com\/en\/wp-json\/wp\/v2\/media?parent=12928"}],"wp:term":[{"taxonomy":"product_cat","embeddable":true,"href":"https:\/\/www.paysagesrossignol.com\/en\/wp-json\/wp\/v2\/product_cat?post=12928"},{"taxonomy":"product_tag","embeddable":true,"href":"https:\/\/www.paysagesrossignol.com\/en\/wp-json\/wp\/v2\/product_tag?post=12928"}],"curies":[{"name":"wp","href":"https:\/\/api.w.org\/{rel}","templated":true}]}}