{"id":12947,"date":"2026-03-10T00:00:52","date_gmt":"2026-03-10T04:00:52","guid":{"rendered":"https:\/\/www.paysagesrossignol.com\/produit\/laitue-black-seeded-simpson-bio\/"},"modified":"2026-03-12T16:05:16","modified_gmt":"2026-03-12T20:05:16","slug":"laitue-black-seeded-simpson-bio","status":"publish","type":"product","link":"https:\/\/www.paysagesrossignol.com\/en\/produit\/laitue-black-seeded-simpson-bio\/","title":{"rendered":"Laitue Black Seeded Simpson &#8211; Bio"},"content":{"rendered":"<h1>Voir disponibilit\u00e9 en magasin<\/h1>\n<p>De grosses feuilles compactes, vert p\u00e2le. Un go\u00fbt non amer. Cueillir les feuilles r\u00e9guli\u00e8rement pour assurer la production continue du plant. L\u00e9gume de saison fra\u00eeche \u00e0 croissance vigoureuse.<\/p>\n<p>50 jours \u00e0 la r\u00e9colte<\/p>\n<p>McKenzie<\/p>\n","protected":false},"excerpt":{"rendered":"<p>Voir disponibilit\u00e9 en magasin De grosses feuilles compactes, vert p\u00e2le. Un go\u00fbt non amer. Cueillir les feuilles r\u00e9guli\u00e8rement pour assurer la production continue du plant. L\u00e9gume de saison fra\u00eeche \u00e0 croissance vigoureuse. 50 jours \u00e0 la r\u00e9colte McKenzie<\/p>\n","protected":false},"featured_media":29448,"template":"","meta":[],"product_cat":[123],"product_tag":[],"acf":[],"_links":{"self":[{"href":"https:\/\/www.paysagesrossignol.com\/en\/wp-json\/wp\/v2\/product\/12947"}],"collection":[{"href":"https:\/\/www.paysagesrossignol.com\/en\/wp-json\/wp\/v2\/product"}],"about":[{"href":"https:\/\/www.paysagesrossignol.com\/en\/wp-json\/wp\/v2\/types\/product"}],"wp:featuredmedia":[{"embeddable":true,"href":"https:\/\/www.paysagesrossignol.com\/en\/wp-json\/wp\/v2\/media\/29448"}],"wp:attachment":[{"href":"https:\/\/www.paysagesrossignol.com\/en\/wp-json\/wp\/v2\/media?parent=12947"}],"wp:term":[{"taxonomy":"product_cat","embeddable":true,"href":"https:\/\/www.paysagesrossignol.com\/en\/wp-json\/wp\/v2\/product_cat?post=12947"},{"taxonomy":"product_tag","embeddable":true,"href":"https:\/\/www.paysagesrossignol.com\/en\/wp-json\/wp\/v2\/product_tag?post=12947"}],"curies":[{"name":"wp","href":"https:\/\/api.w.org\/{rel}","templated":true}]}}