{"id":12954,"date":"2026-03-10T00:00:52","date_gmt":"2026-03-10T04:00:52","guid":{"rendered":"https:\/\/www.paysagesrossignol.com\/produit\/ciboulette-ail\/"},"modified":"2026-03-12T14:07:05","modified_gmt":"2026-03-12T18:07:05","slug":"ciboulette-ail","status":"publish","type":"product","link":"https:\/\/www.paysagesrossignol.com\/en\/produit\/ciboulette-ail\/","title":{"rendered":"Ciboulette Ail"},"content":{"rendered":"<h1>Voir disponibilit\u00e9 en magasin<\/h1>\n<p>Les feuilles en forme de gramin\u00e9es ont un go\u00fbt doux rappelant celui de l&#8217;ail. L&#8217;ail chinois pr\u00e9f\u00e8re les sols bien drain\u00e9s et un emplacement prot\u00e9g\u00e9. On peut le diviser et repiquer ses touffes au printemps apr\u00e8s une premi\u00e8re saison de croissance. Pour une utilisation fra\u00eeche, il se r\u00e9colte n&#8217;importe quand. Pour permettre une croissance saine, ne coupez pas plus de la moiti\u00e9 des feuilles \u00e0 chaque r\u00e9colte. Un s\u00e9chage rapide permet aux feuilles de garder leur saveur. On peut aussi congeler les feuilles hach\u00e9es. Hauteur de la plante: 60-75 cm (24-30&#8243;). Vivace. Zones 3-9. Allium Tuberosum.<\/p>\n<p>80 jours \u00e0 la r\u00e9colte<\/p>\n<p>McKenzie<\/p>\n","protected":false},"excerpt":{"rendered":"<p>Voir disponibilit\u00e9 en magasin Les feuilles en forme de gramin\u00e9es ont un go\u00fbt doux rappelant celui de l&#8217;ail. L&#8217;ail chinois pr\u00e9f\u00e8re les sols bien drain\u00e9s et un emplacement prot\u00e9g\u00e9. On peut le diviser et repiquer ses touffes au printemps apr\u00e8s une premi\u00e8re saison de croissance. Pour une utilisation fra\u00eeche, il se r\u00e9colte n&#8217;importe quand. Pour [&hellip;]<\/p>\n","protected":false},"featured_media":23114,"template":"","meta":[],"product_cat":[125],"product_tag":[],"acf":[],"_links":{"self":[{"href":"https:\/\/www.paysagesrossignol.com\/en\/wp-json\/wp\/v2\/product\/12954"}],"collection":[{"href":"https:\/\/www.paysagesrossignol.com\/en\/wp-json\/wp\/v2\/product"}],"about":[{"href":"https:\/\/www.paysagesrossignol.com\/en\/wp-json\/wp\/v2\/types\/product"}],"wp:featuredmedia":[{"embeddable":true,"href":"https:\/\/www.paysagesrossignol.com\/en\/wp-json\/wp\/v2\/media\/23114"}],"wp:attachment":[{"href":"https:\/\/www.paysagesrossignol.com\/en\/wp-json\/wp\/v2\/media?parent=12954"}],"wp:term":[{"taxonomy":"product_cat","embeddable":true,"href":"https:\/\/www.paysagesrossignol.com\/en\/wp-json\/wp\/v2\/product_cat?post=12954"},{"taxonomy":"product_tag","embeddable":true,"href":"https:\/\/www.paysagesrossignol.com\/en\/wp-json\/wp\/v2\/product_tag?post=12954"}],"curies":[{"name":"wp","href":"https:\/\/api.w.org\/{rel}","templated":true}]}}