{"id":12958,"date":"2026-03-10T00:00:56","date_gmt":"2026-03-10T04:00:56","guid":{"rendered":"https:\/\/www.paysagesrossignol.com\/produit\/laitue-grand-rapids-ruban\/"},"modified":"2026-03-12T12:55:56","modified_gmt":"2026-03-12T16:55:56","slug":"laitue-grand-rapids-ruban","status":"publish","type":"product","link":"https:\/\/www.paysagesrossignol.com\/en\/produit\/laitue-grand-rapids-ruban\/","title":{"rendered":"Laitue Grand Rapids Ruban"},"content":{"rendered":"<h1>Voir disponibilit\u00e9 en magasin<\/h1>\n<p>Grandes et fris\u00e9es, ses feuilles vertes et brillantes sont tendres et sucr\u00e9es. Ses plants droits comme des piquets poussent rapidement. Prennent moins de temps \u00e0 monter en graines que d&#8217;autres vari\u00e9t\u00e9s \u00e0 feuilles lousses. Teneur \u00e9lev\u00e9e en vitamine A et B.<\/p>\n<p>45 jours \u00e0 la r\u00e9colte<\/p>\n<p>McKenzie<\/p>\n","protected":false},"excerpt":{"rendered":"<p>Voir disponibilit\u00e9 en magasin Grandes et fris\u00e9es, ses feuilles vertes et brillantes sont tendres et sucr\u00e9es. Ses plants droits comme des piquets poussent rapidement. Prennent moins de temps \u00e0 monter en graines que d&#8217;autres vari\u00e9t\u00e9s \u00e0 feuilles lousses. Teneur \u00e9lev\u00e9e en vitamine A et B. 45 jours \u00e0 la r\u00e9colte McKenzie<\/p>\n","protected":false},"featured_media":23921,"template":"","meta":[],"product_cat":[125],"product_tag":[],"acf":[],"_links":{"self":[{"href":"https:\/\/www.paysagesrossignol.com\/en\/wp-json\/wp\/v2\/product\/12958"}],"collection":[{"href":"https:\/\/www.paysagesrossignol.com\/en\/wp-json\/wp\/v2\/product"}],"about":[{"href":"https:\/\/www.paysagesrossignol.com\/en\/wp-json\/wp\/v2\/types\/product"}],"wp:featuredmedia":[{"embeddable":true,"href":"https:\/\/www.paysagesrossignol.com\/en\/wp-json\/wp\/v2\/media\/23921"}],"wp:attachment":[{"href":"https:\/\/www.paysagesrossignol.com\/en\/wp-json\/wp\/v2\/media?parent=12958"}],"wp:term":[{"taxonomy":"product_cat","embeddable":true,"href":"https:\/\/www.paysagesrossignol.com\/en\/wp-json\/wp\/v2\/product_cat?post=12958"},{"taxonomy":"product_tag","embeddable":true,"href":"https:\/\/www.paysagesrossignol.com\/en\/wp-json\/wp\/v2\/product_tag?post=12958"}],"curies":[{"name":"wp","href":"https:\/\/api.w.org\/{rel}","templated":true}]}}