{"id":12960,"date":"2026-03-10T00:00:56","date_gmt":"2026-03-10T04:00:56","guid":{"rendered":"https:\/\/www.paysagesrossignol.com\/produit\/zinnia-candy-cane\/"},"modified":"2026-03-12T14:35:52","modified_gmt":"2026-03-12T18:35:52","slug":"zinnia-candy-cane","status":"publish","type":"product","link":"https:\/\/www.paysagesrossignol.com\/en\/produit\/zinnia-candy-cane\/","title":{"rendered":"Zinnia Candy Cane"},"content":{"rendered":"<h1>Voir disponibilit\u00e9 en magasin<\/h1>\n<p>Ce m\u00e9lange de zinnia festif! Chaque fleurs mesure 5 cm (2&#8243;) de diam\u00e8tre et est soutenue par une tige robuste. Les rayures d&#8217;un m\u00e9lange de couleurs (\u00e9carlate, rose, pourpre, orange et jaune) ajoutent un charme nostalgique lorsque sem\u00e9es en masse et m\u00eame coup\u00e9es. Plus vous coupez, plus les fleurs appara\u00eetront. Annuelle. Zinnia Elegans<\/p>\n<p>35-60 jours \u00e0 la floraison<\/p>\n<p>McKenzie<\/p>\n","protected":false},"excerpt":{"rendered":"<p>Voir disponibilit\u00e9 en magasin Ce m\u00e9lange de zinnia festif! Chaque fleurs mesure 5 cm (2&#8243;) de diam\u00e8tre et est soutenue par une tige robuste. Les rayures d&#8217;un m\u00e9lange de couleurs (\u00e9carlate, rose, pourpre, orange et jaune) ajoutent un charme nostalgique lorsque sem\u00e9es en masse et m\u00eame coup\u00e9es. Plus vous coupez, plus les fleurs appara\u00eetront. Annuelle. [&hellip;]<\/p>\n","protected":false},"featured_media":23039,"template":"","meta":[],"product_cat":[124],"product_tag":[],"acf":[],"_links":{"self":[{"href":"https:\/\/www.paysagesrossignol.com\/en\/wp-json\/wp\/v2\/product\/12960"}],"collection":[{"href":"https:\/\/www.paysagesrossignol.com\/en\/wp-json\/wp\/v2\/product"}],"about":[{"href":"https:\/\/www.paysagesrossignol.com\/en\/wp-json\/wp\/v2\/types\/product"}],"wp:featuredmedia":[{"embeddable":true,"href":"https:\/\/www.paysagesrossignol.com\/en\/wp-json\/wp\/v2\/media\/23039"}],"wp:attachment":[{"href":"https:\/\/www.paysagesrossignol.com\/en\/wp-json\/wp\/v2\/media?parent=12960"}],"wp:term":[{"taxonomy":"product_cat","embeddable":true,"href":"https:\/\/www.paysagesrossignol.com\/en\/wp-json\/wp\/v2\/product_cat?post=12960"},{"taxonomy":"product_tag","embeddable":true,"href":"https:\/\/www.paysagesrossignol.com\/en\/wp-json\/wp\/v2\/product_tag?post=12960"}],"curies":[{"name":"wp","href":"https:\/\/api.w.org\/{rel}","templated":true}]}}