{"id":12989,"date":"2026-03-10T00:00:04","date_gmt":"2026-03-10T04:00:04","guid":{"rendered":"https:\/\/www.paysagesrossignol.com\/produit\/bette-a-carde-fordhook-giant\/"},"modified":"2026-03-10T15:19:03","modified_gmt":"2026-03-10T19:19:03","slug":"bette-a-carde-fordhook-giant","status":"publish","type":"product","link":"https:\/\/www.paysagesrossignol.com\/en\/produit\/bette-a-carde-fordhook-giant\/","title":{"rendered":"Bette \u00e0 Carde Fordhook Giant"},"content":{"rendered":"<h1>Voir disponibilit\u00e9 en magasin<\/h1>\n<p>Le l\u00e9gume vert id\u00e9al, car il produit m\u00eame par temps chaud. D\u00e9licieux dans les salades, dans les quiches ou cuits \u00e0 la vapeur avec du beurre. Les feuilles \u00e9paisses, larges et vertes fonc\u00e9es on un go\u00fbt d\u00e9licat d&#8217;\u00e9pinards. Les p\u00e9tioles sont larges, \u00e9paisses et de couleur blanches. Le p\u00e9tiole et le limbe de la feuille sont tous deux comestible.<\/p>\n<p>50-60 jours \u00e0 la r\u00e9colte<\/p>\n<p>McKenzie<\/p>\n","protected":false},"excerpt":{"rendered":"<p>Voir disponibilit\u00e9 en magasin Le l\u00e9gume vert id\u00e9al, car il produit m\u00eame par temps chaud. D\u00e9licieux dans les salades, dans les quiches ou cuits \u00e0 la vapeur avec du beurre. Les feuilles \u00e9paisses, larges et vertes fonc\u00e9es on un go\u00fbt d\u00e9licat d&#8217;\u00e9pinards. Les p\u00e9tioles sont larges, \u00e9paisses et de couleur blanches. Le p\u00e9tiole et le [&hellip;]<\/p>\n","protected":false},"featured_media":23489,"template":"","meta":[],"product_cat":[125],"product_tag":[],"acf":[],"_links":{"self":[{"href":"https:\/\/www.paysagesrossignol.com\/en\/wp-json\/wp\/v2\/product\/12989"}],"collection":[{"href":"https:\/\/www.paysagesrossignol.com\/en\/wp-json\/wp\/v2\/product"}],"about":[{"href":"https:\/\/www.paysagesrossignol.com\/en\/wp-json\/wp\/v2\/types\/product"}],"wp:featuredmedia":[{"embeddable":true,"href":"https:\/\/www.paysagesrossignol.com\/en\/wp-json\/wp\/v2\/media\/23489"}],"wp:attachment":[{"href":"https:\/\/www.paysagesrossignol.com\/en\/wp-json\/wp\/v2\/media?parent=12989"}],"wp:term":[{"taxonomy":"product_cat","embeddable":true,"href":"https:\/\/www.paysagesrossignol.com\/en\/wp-json\/wp\/v2\/product_cat?post=12989"},{"taxonomy":"product_tag","embeddable":true,"href":"https:\/\/www.paysagesrossignol.com\/en\/wp-json\/wp\/v2\/product_tag?post=12989"}],"curies":[{"name":"wp","href":"https:\/\/api.w.org\/{rel}","templated":true}]}}