{"id":12994,"date":"2026-03-10T00:00:08","date_gmt":"2026-03-10T04:00:08","guid":{"rendered":"https:\/\/www.paysagesrossignol.com\/produit\/oignons-a-botteler-annuel\/"},"modified":"2026-03-10T16:49:43","modified_gmt":"2026-03-10T20:49:43","slug":"oignons-a-botteler-annuel","status":"publish","type":"product","link":"https:\/\/www.paysagesrossignol.com\/en\/produit\/oignons-a-botteler-annuel\/","title":{"rendered":"Oignon \u00e0 Botteler Annuel"},"content":{"rendered":"<h1>Voir disponibilit\u00e9 en magasin<\/h1>\n<p>La vari\u00e9t\u00e9 la plus populaire d&#8217;oignons vert \u00e0 botteler. La tige est blanche et extra longue et la tige verte, \u00e0 go\u00fbt doux et sucr\u00e9. Pr\u00e9f\u00e8re un sol fertile et bien drain\u00e9 qui ne forme pas de cro\u00fbte. Pour former une tige plus longue et plus blanche, buttez bien.<\/p>\n<p>60-75 jours \u00e0 la r\u00e9colte<\/p>\n<p>McKenzie<\/p>\n","protected":false},"excerpt":{"rendered":"<p>Voir disponibilit\u00e9 en magasin La vari\u00e9t\u00e9 la plus populaire d&#8217;oignons vert \u00e0 botteler. La tige est blanche et extra longue et la tige verte, \u00e0 go\u00fbt doux et sucr\u00e9. Pr\u00e9f\u00e8re un sol fertile et bien drain\u00e9 qui ne forme pas de cro\u00fbte. Pour former une tige plus longue et plus blanche, buttez bien. 60-75 jours [&hellip;]<\/p>\n","protected":false},"featured_media":23515,"template":"","meta":[],"product_cat":[125],"product_tag":[],"acf":[],"_links":{"self":[{"href":"https:\/\/www.paysagesrossignol.com\/en\/wp-json\/wp\/v2\/product\/12994"}],"collection":[{"href":"https:\/\/www.paysagesrossignol.com\/en\/wp-json\/wp\/v2\/product"}],"about":[{"href":"https:\/\/www.paysagesrossignol.com\/en\/wp-json\/wp\/v2\/types\/product"}],"wp:featuredmedia":[{"embeddable":true,"href":"https:\/\/www.paysagesrossignol.com\/en\/wp-json\/wp\/v2\/media\/23515"}],"wp:attachment":[{"href":"https:\/\/www.paysagesrossignol.com\/en\/wp-json\/wp\/v2\/media?parent=12994"}],"wp:term":[{"taxonomy":"product_cat","embeddable":true,"href":"https:\/\/www.paysagesrossignol.com\/en\/wp-json\/wp\/v2\/product_cat?post=12994"},{"taxonomy":"product_tag","embeddable":true,"href":"https:\/\/www.paysagesrossignol.com\/en\/wp-json\/wp\/v2\/product_tag?post=12994"}],"curies":[{"name":"wp","href":"https:\/\/api.w.org\/{rel}","templated":true}]}}