{"id":13005,"date":"2026-03-10T00:00:08","date_gmt":"2026-03-10T04:00:08","guid":{"rendered":"https:\/\/www.paysagesrossignol.com\/produit\/haricot-rames-s-anna\/"},"modified":"2026-03-12T13:31:40","modified_gmt":"2026-03-12T17:31:40","slug":"haricot-rames-s-anna","status":"publish","type":"product","link":"https:\/\/www.paysagesrossignol.com\/en\/produit\/haricot-rames-s-anna\/","title":{"rendered":"Haricot Santa Anna (Rames)"},"content":{"rendered":"<h1>Voir disponibilit\u00e9 en magasin<\/h1>\n<p>Ce d\u00e9licieux haricot \u00e0 rames produit des gousses vertes rondes et charnues sans fil. C&#8217;est un haricot fran\u00e7ais tr\u00e8s populaire et \u00e0 rendement \u00e9lev\u00e9. Pour la meilleure saveur, r\u00e9coltez lorsque les gousses sont du diam\u00e8tre d&#8217;un crayon. \u00c9vitez de travailler parmi les plantes lorsqu&#8217;elles sont humides ou mouill\u00e9es pour r\u00e9duire les risques de maladie.<\/p>\n<p>65-70 jours \u00e0 la r\u00e9colte<\/p>\n<p>McKenzie<\/p>\n","protected":false},"excerpt":{"rendered":"<p>Voir disponibilit\u00e9 en magasin Ce d\u00e9licieux haricot \u00e0 rames produit des gousses vertes rondes et charnues sans fil. C&#8217;est un haricot fran\u00e7ais tr\u00e8s populaire et \u00e0 rendement \u00e9lev\u00e9. Pour la meilleure saveur, r\u00e9coltez lorsque les gousses sont du diam\u00e8tre d&#8217;un crayon. \u00c9vitez de travailler parmi les plantes lorsqu&#8217;elles sont humides ou mouill\u00e9es pour r\u00e9duire les [&hellip;]<\/p>\n","protected":false},"featured_media":23094,"template":"","meta":[],"product_cat":[125],"product_tag":[],"acf":[],"_links":{"self":[{"href":"https:\/\/www.paysagesrossignol.com\/en\/wp-json\/wp\/v2\/product\/13005"}],"collection":[{"href":"https:\/\/www.paysagesrossignol.com\/en\/wp-json\/wp\/v2\/product"}],"about":[{"href":"https:\/\/www.paysagesrossignol.com\/en\/wp-json\/wp\/v2\/types\/product"}],"wp:featuredmedia":[{"embeddable":true,"href":"https:\/\/www.paysagesrossignol.com\/en\/wp-json\/wp\/v2\/media\/23094"}],"wp:attachment":[{"href":"https:\/\/www.paysagesrossignol.com\/en\/wp-json\/wp\/v2\/media?parent=13005"}],"wp:term":[{"taxonomy":"product_cat","embeddable":true,"href":"https:\/\/www.paysagesrossignol.com\/en\/wp-json\/wp\/v2\/product_cat?post=13005"},{"taxonomy":"product_tag","embeddable":true,"href":"https:\/\/www.paysagesrossignol.com\/en\/wp-json\/wp\/v2\/product_tag?post=13005"}],"curies":[{"name":"wp","href":"https:\/\/api.w.org\/{rel}","templated":true}]}}