{"id":13188,"date":"2026-03-10T00:00:16","date_gmt":"2026-03-10T04:00:16","guid":{"rendered":"https:\/\/www.paysagesrossignol.com\/produit\/basilic-cannelle\/"},"modified":"2026-03-12T14:31:54","modified_gmt":"2026-03-12T18:31:54","slug":"basilic-cannelle","status":"publish","type":"product","link":"https:\/\/www.paysagesrossignol.com\/en\/produit\/basilic-cannelle\/","title":{"rendered":"Basilic Cannelle"},"content":{"rendered":"<h1>Voir disponibilit\u00e9 en magasin<\/h1>\n<p>Les feuilles ont une saveur de cannelle \u00e9pic\u00e9e; les fleurs sont d&#8217;un rose fonc\u00e9 avec des folioles pourpre. Ajoutez aux breuvages chauds pour leur donner plus de go\u00fbt. Commencez \u00e0 ensemencer \u00e0 n&#8217;importe quel moment pour l&#8217;int\u00e9rieur. Ces plantes ont besoin d&#8217;un sol bien drain\u00e9 organiquement riche. Pr\u00e9voyez votre premi\u00e8re r\u00e9colte 5 \u00e0 6 semaines apr\u00e8s avoir plant\u00e9. Sensible au gel. Hauteur de la plante: 45-75 cm (18-30&#8243;). Annuelle.<\/p>\n<p>35+ jours \u00e0 la r\u00e9colte<\/p>\n<p>McKenzie<\/p>\n","protected":false},"excerpt":{"rendered":"<p>Voir disponibilit\u00e9 en magasin Les feuilles ont une saveur de cannelle \u00e9pic\u00e9e; les fleurs sont d&#8217;un rose fonc\u00e9 avec des folioles pourpre. Ajoutez aux breuvages chauds pour leur donner plus de go\u00fbt. Commencez \u00e0 ensemencer \u00e0 n&#8217;importe quel moment pour l&#8217;int\u00e9rieur. Ces plantes ont besoin d&#8217;un sol bien drain\u00e9 organiquement riche. Pr\u00e9voyez votre premi\u00e8re r\u00e9colte [&hellip;]<\/p>\n","protected":false},"featured_media":23118,"template":"","meta":[],"product_cat":[125],"product_tag":[],"acf":[],"_links":{"self":[{"href":"https:\/\/www.paysagesrossignol.com\/en\/wp-json\/wp\/v2\/product\/13188"}],"collection":[{"href":"https:\/\/www.paysagesrossignol.com\/en\/wp-json\/wp\/v2\/product"}],"about":[{"href":"https:\/\/www.paysagesrossignol.com\/en\/wp-json\/wp\/v2\/types\/product"}],"wp:featuredmedia":[{"embeddable":true,"href":"https:\/\/www.paysagesrossignol.com\/en\/wp-json\/wp\/v2\/media\/23118"}],"wp:attachment":[{"href":"https:\/\/www.paysagesrossignol.com\/en\/wp-json\/wp\/v2\/media?parent=13188"}],"wp:term":[{"taxonomy":"product_cat","embeddable":true,"href":"https:\/\/www.paysagesrossignol.com\/en\/wp-json\/wp\/v2\/product_cat?post=13188"},{"taxonomy":"product_tag","embeddable":true,"href":"https:\/\/www.paysagesrossignol.com\/en\/wp-json\/wp\/v2\/product_tag?post=13188"}],"curies":[{"name":"wp","href":"https:\/\/api.w.org\/{rel}","templated":true}]}}