{"id":13191,"date":"2026-03-10T00:00:16","date_gmt":"2026-03-10T04:00:16","guid":{"rendered":"https:\/\/www.paysagesrossignol.com\/produit\/chou-fleur-early-snowball\/"},"modified":"2026-03-12T11:36:11","modified_gmt":"2026-03-12T15:36:11","slug":"chou-fleur-early-snowball","status":"publish","type":"product","link":"https:\/\/www.paysagesrossignol.com\/en\/produit\/chou-fleur-early-snowball\/","title":{"rendered":"Chou-Fleur Early Snowball"},"content":{"rendered":"<h1>Voir disponibilit\u00e9 en magasin<\/h1>\n<p>T\u00eate blanche neige d&#8217;une grande uniformit\u00e9. Les t\u00eates restent blanches m\u00eame lors des mauvaise conditions climatiques. L\u00e9gume de climat frais pr\u00e9f\u00e9rant un sol riche et bien drain\u00e9 qui retient l&#8217;humidit\u00e9. Quand la t\u00eate se forme et attient 5 cm (2&#8243;) de diam\u00e8tre, attacher les feuilles ext\u00e9rieures ensemble pour entourer la t\u00eate jusqu&#8217;\u00e0 la maturit\u00e9. Id\u00e9al cru cuit \u00e0 la vapeur ou marin\u00e9. Parfait pour la cong\u00e9lation. *apr\u00e8s la transplantation au jardin.<\/p>\n<p>*50 jours<\/p>\n<p>McKenzie<\/p>\n","protected":false},"excerpt":{"rendered":"<p>Voir disponibilit\u00e9 en magasin T\u00eate blanche neige d&#8217;une grande uniformit\u00e9. Les t\u00eates restent blanches m\u00eame lors des mauvaise conditions climatiques. L\u00e9gume de climat frais pr\u00e9f\u00e9rant un sol riche et bien drain\u00e9 qui retient l&#8217;humidit\u00e9. Quand la t\u00eate se forme et attient 5 cm (2&#8243;) de diam\u00e8tre, attacher les feuilles ext\u00e9rieures ensemble pour entourer la t\u00eate [&hellip;]<\/p>\n","protected":false},"featured_media":28192,"template":"","meta":[],"product_cat":[125],"product_tag":[],"acf":[],"_links":{"self":[{"href":"https:\/\/www.paysagesrossignol.com\/en\/wp-json\/wp\/v2\/product\/13191"}],"collection":[{"href":"https:\/\/www.paysagesrossignol.com\/en\/wp-json\/wp\/v2\/product"}],"about":[{"href":"https:\/\/www.paysagesrossignol.com\/en\/wp-json\/wp\/v2\/types\/product"}],"wp:featuredmedia":[{"embeddable":true,"href":"https:\/\/www.paysagesrossignol.com\/en\/wp-json\/wp\/v2\/media\/28192"}],"wp:attachment":[{"href":"https:\/\/www.paysagesrossignol.com\/en\/wp-json\/wp\/v2\/media?parent=13191"}],"wp:term":[{"taxonomy":"product_cat","embeddable":true,"href":"https:\/\/www.paysagesrossignol.com\/en\/wp-json\/wp\/v2\/product_cat?post=13191"},{"taxonomy":"product_tag","embeddable":true,"href":"https:\/\/www.paysagesrossignol.com\/en\/wp-json\/wp\/v2\/product_tag?post=13191"}],"curies":[{"name":"wp","href":"https:\/\/api.w.org\/{rel}","templated":true}]}}