{"id":13213,"date":"2026-03-10T00:00:24","date_gmt":"2026-03-10T04:00:24","guid":{"rendered":"https:\/\/www.paysagesrossignol.com\/produit\/poivron-mini-bell-en-melange\/"},"modified":"2026-03-12T13:12:08","modified_gmt":"2026-03-12T17:12:08","slug":"poivron-mini-bell-en-melange","status":"publish","type":"product","link":"https:\/\/www.paysagesrossignol.com\/en\/produit\/poivron-mini-bell-en-melange\/","title":{"rendered":"Poivron Mini Bell en m\u00e9lange"},"content":{"rendered":"<h1>Voir disponibilit\u00e9 en magasin<\/h1>\n<p>Des plants \u00e9pais et courts recouverts de fruits sucr\u00e9s de 5 cm (2&#8243;) qui ont 2 \u00e0 3 lobes, ont une excellente saveur. Ils m\u00fbrissent de vert \u00e0 brun chocolat, ou \u00e0 rouge, ou \u00e0 jaune d\u00e9pendant de la vari\u00e9t\u00e9. D\u00e9licieux! Hauteur de la plante: 40 cm (16&#8243;). *apr\u00e8s la transplantation au jardin<\/p>\n<p>*70-90 jours \u00e0 la r\u00e9colte<\/p>\n<p>McKenzie<\/p>\n","protected":false},"excerpt":{"rendered":"<p>Voir disponibilit\u00e9 en magasin Des plants \u00e9pais et courts recouverts de fruits sucr\u00e9s de 5 cm (2&#8243;) qui ont 2 \u00e0 3 lobes, ont une excellente saveur. Ils m\u00fbrissent de vert \u00e0 brun chocolat, ou \u00e0 rouge, ou \u00e0 jaune d\u00e9pendant de la vari\u00e9t\u00e9. D\u00e9licieux! Hauteur de la plante: 40 cm (16&#8243;). *apr\u00e8s la transplantation [&hellip;]<\/p>\n","protected":false},"featured_media":23179,"template":"","meta":[],"product_cat":[125],"product_tag":[],"acf":[],"_links":{"self":[{"href":"https:\/\/www.paysagesrossignol.com\/en\/wp-json\/wp\/v2\/product\/13213"}],"collection":[{"href":"https:\/\/www.paysagesrossignol.com\/en\/wp-json\/wp\/v2\/product"}],"about":[{"href":"https:\/\/www.paysagesrossignol.com\/en\/wp-json\/wp\/v2\/types\/product"}],"wp:featuredmedia":[{"embeddable":true,"href":"https:\/\/www.paysagesrossignol.com\/en\/wp-json\/wp\/v2\/media\/23179"}],"wp:attachment":[{"href":"https:\/\/www.paysagesrossignol.com\/en\/wp-json\/wp\/v2\/media?parent=13213"}],"wp:term":[{"taxonomy":"product_cat","embeddable":true,"href":"https:\/\/www.paysagesrossignol.com\/en\/wp-json\/wp\/v2\/product_cat?post=13213"},{"taxonomy":"product_tag","embeddable":true,"href":"https:\/\/www.paysagesrossignol.com\/en\/wp-json\/wp\/v2\/product_tag?post=13213"}],"curies":[{"name":"wp","href":"https:\/\/api.w.org\/{rel}","templated":true}]}}