{"id":13217,"date":"2026-03-10T00:00:24","date_gmt":"2026-03-10T04:00:24","guid":{"rendered":"https:\/\/www.paysagesrossignol.com\/produit\/carotte-tenderlong-imperator\/"},"modified":"2026-03-12T11:40:26","modified_gmt":"2026-03-12T15:40:26","slug":"carotte-tenderlong-imperator","status":"publish","type":"product","link":"https:\/\/www.paysagesrossignol.com\/en\/produit\/carotte-tenderlong-imperator\/","title":{"rendered":"Carotte Tenderlong Imperator"},"content":{"rendered":"<h1>Voir disponibilit\u00e9 en magasin<\/h1>\n<p>Une vari\u00e9t\u00e9 extr\u00eamement longue, 25 cm (10&#8243;) en moyenne. l&#8217;Imperator est de couleur rouge orang\u00e9 et est douce, croquante et savoureuse. Un sol riche est meuble est le meilleur. L&#8217;oignon, le poireau et certaines fines herbes telles le romarin et la sauge \u00e9loigneront la mouche de la carotte.<\/p>\n<p>65-80 jours \u00e0 la r\u00e9colte<\/p>\n<p>McKenzie<\/p>\n","protected":false},"excerpt":{"rendered":"<p>Voir disponibilit\u00e9 en magasin Une vari\u00e9t\u00e9 extr\u00eamement longue, 25 cm (10&#8243;) en moyenne. l&#8217;Imperator est de couleur rouge orang\u00e9 et est douce, croquante et savoureuse. Un sol riche est meuble est le meilleur. L&#8217;oignon, le poireau et certaines fines herbes telles le romarin et la sauge \u00e9loigneront la mouche de la carotte. 65-80 jours \u00e0 [&hellip;]<\/p>\n","protected":false},"featured_media":23473,"template":"","meta":[],"product_cat":[125],"product_tag":[],"acf":[],"_links":{"self":[{"href":"https:\/\/www.paysagesrossignol.com\/en\/wp-json\/wp\/v2\/product\/13217"}],"collection":[{"href":"https:\/\/www.paysagesrossignol.com\/en\/wp-json\/wp\/v2\/product"}],"about":[{"href":"https:\/\/www.paysagesrossignol.com\/en\/wp-json\/wp\/v2\/types\/product"}],"wp:featuredmedia":[{"embeddable":true,"href":"https:\/\/www.paysagesrossignol.com\/en\/wp-json\/wp\/v2\/media\/23473"}],"wp:attachment":[{"href":"https:\/\/www.paysagesrossignol.com\/en\/wp-json\/wp\/v2\/media?parent=13217"}],"wp:term":[{"taxonomy":"product_cat","embeddable":true,"href":"https:\/\/www.paysagesrossignol.com\/en\/wp-json\/wp\/v2\/product_cat?post=13217"},{"taxonomy":"product_tag","embeddable":true,"href":"https:\/\/www.paysagesrossignol.com\/en\/wp-json\/wp\/v2\/product_tag?post=13217"}],"curies":[{"name":"wp","href":"https:\/\/api.w.org\/{rel}","templated":true}]}}