{"id":13219,"date":"2026-03-10T00:00:24","date_gmt":"2026-03-10T04:00:24","guid":{"rendered":"https:\/\/www.paysagesrossignol.com\/produit\/roquette-mckenzie\/"},"modified":"2026-03-12T14:30:22","modified_gmt":"2026-03-12T18:30:22","slug":"roquette-mckenzie","status":"publish","type":"product","link":"https:\/\/www.paysagesrossignol.com\/en\/produit\/roquette-mckenzie\/","title":{"rendered":"Roquette"},"content":{"rendered":"<h1>Voir disponibilit\u00e9 en magasin<\/h1>\n<p>Un bon l\u00e9gume vert qui n&#8217;a besoin d&#8217;aucun besoin sp\u00e9cial de culture et peut durer pendant tout l&#8217;\u00e9t\u00e9. Quelques feuilles ajoutent un bon go\u00fbt poivr\u00e9 aux salades. Conseil: R\u00e9coltez lorsqu&#8217;elle est jeune. R\u00e9p\u00e9tez l&#8217;ensemencement afin de pouvoir en r\u00e9colter plus tard durant l&#8217;\u00e9t\u00e9. Hauteur de la plante: 60-90 cm (24-36&#8243;). Annuelle<\/p>\n<p>43 jours \u00e0 la r\u00e9colte<\/p>\n<p>McKenzie<\/p>\n","protected":false},"excerpt":{"rendered":"<p>Voir disponibilit\u00e9 en magasin Un bon l\u00e9gume vert qui n&#8217;a besoin d&#8217;aucun besoin sp\u00e9cial de culture et peut durer pendant tout l&#8217;\u00e9t\u00e9. Quelques feuilles ajoutent un bon go\u00fbt poivr\u00e9 aux salades. Conseil: R\u00e9coltez lorsqu&#8217;elle est jeune. R\u00e9p\u00e9tez l&#8217;ensemencement afin de pouvoir en r\u00e9colter plus tard durant l&#8217;\u00e9t\u00e9. Hauteur de la plante: 60-90 cm (24-36&#8243;). Annuelle [&hellip;]<\/p>\n","protected":false},"featured_media":23218,"template":"","meta":[],"product_cat":[125],"product_tag":[],"acf":[],"_links":{"self":[{"href":"https:\/\/www.paysagesrossignol.com\/en\/wp-json\/wp\/v2\/product\/13219"}],"collection":[{"href":"https:\/\/www.paysagesrossignol.com\/en\/wp-json\/wp\/v2\/product"}],"about":[{"href":"https:\/\/www.paysagesrossignol.com\/en\/wp-json\/wp\/v2\/types\/product"}],"wp:featuredmedia":[{"embeddable":true,"href":"https:\/\/www.paysagesrossignol.com\/en\/wp-json\/wp\/v2\/media\/23218"}],"wp:attachment":[{"href":"https:\/\/www.paysagesrossignol.com\/en\/wp-json\/wp\/v2\/media?parent=13219"}],"wp:term":[{"taxonomy":"product_cat","embeddable":true,"href":"https:\/\/www.paysagesrossignol.com\/en\/wp-json\/wp\/v2\/product_cat?post=13219"},{"taxonomy":"product_tag","embeddable":true,"href":"https:\/\/www.paysagesrossignol.com\/en\/wp-json\/wp\/v2\/product_tag?post=13219"}],"curies":[{"name":"wp","href":"https:\/\/api.w.org\/{rel}","templated":true}]}}