{"id":13228,"date":"2026-03-10T00:00:33","date_gmt":"2026-03-10T04:00:33","guid":{"rendered":"https:\/\/www.paysagesrossignol.com\/produit\/haricot-stringless-green-pod-nain\/"},"modified":"2026-03-12T13:31:01","modified_gmt":"2026-03-12T17:31:01","slug":"haricot-stringless-green-pod-nain","status":"publish","type":"product","link":"https:\/\/www.paysagesrossignol.com\/en\/produit\/haricot-stringless-green-pod-nain\/","title":{"rendered":"Haricot Stringless Green Pod (Nain)"},"content":{"rendered":"<h1>Voir disponibilit\u00e9 en magasin<\/h1>\n<p>Cet haricot \u00e0 maturation h\u00e2tive est tr\u00e8s productif. Les cosses vertes de 15 sm (6&#8243;) de long sont sans filets, savoureuses et produites sur des plants compacts et buissonnants. Excellentes lorsque servies fra\u00eechement tranch\u00e9es. Parfaites aussi pour la cong\u00e9lation et la conserve. Faites des semis successifs une on deux semaines pour prolonger la saison de r\u00e9colte ou encore, semez conjointement avec des vari\u00e9t\u00e9s mi-saison ou tardives afin de garantir une source continue d&#8217;haricots frais et savoureux. \u00c9vitez de toucher aux plants lorsque leur feuillage est mouill\u00e9 ou humide.<\/p>\n<p>50-55 jours \u00e0 la r\u00e9colte<\/p>\n<p>McKenzie<\/p>\n","protected":false},"excerpt":{"rendered":"<p>Voir disponibilit\u00e9 en magasin Cet haricot \u00e0 maturation h\u00e2tive est tr\u00e8s productif. Les cosses vertes de 15 sm (6&#8243;) de long sont sans filets, savoureuses et produites sur des plants compacts et buissonnants. Excellentes lorsque servies fra\u00eechement tranch\u00e9es. Parfaites aussi pour la cong\u00e9lation et la conserve. Faites des semis successifs une on deux semaines pour [&hellip;]<\/p>\n","protected":false},"featured_media":27934,"template":"","meta":[],"product_cat":[125],"product_tag":[],"acf":[],"_links":{"self":[{"href":"https:\/\/www.paysagesrossignol.com\/en\/wp-json\/wp\/v2\/product\/13228"}],"collection":[{"href":"https:\/\/www.paysagesrossignol.com\/en\/wp-json\/wp\/v2\/product"}],"about":[{"href":"https:\/\/www.paysagesrossignol.com\/en\/wp-json\/wp\/v2\/types\/product"}],"wp:featuredmedia":[{"embeddable":true,"href":"https:\/\/www.paysagesrossignol.com\/en\/wp-json\/wp\/v2\/media\/27934"}],"wp:attachment":[{"href":"https:\/\/www.paysagesrossignol.com\/en\/wp-json\/wp\/v2\/media?parent=13228"}],"wp:term":[{"taxonomy":"product_cat","embeddable":true,"href":"https:\/\/www.paysagesrossignol.com\/en\/wp-json\/wp\/v2\/product_cat?post=13228"},{"taxonomy":"product_tag","embeddable":true,"href":"https:\/\/www.paysagesrossignol.com\/en\/wp-json\/wp\/v2\/product_tag?post=13228"}],"curies":[{"name":"wp","href":"https:\/\/api.w.org\/{rel}","templated":true}]}}