{"id":13230,"date":"2026-03-10T00:00:33","date_gmt":"2026-03-10T04:00:33","guid":{"rendered":"https:\/\/www.paysagesrossignol.com\/produit\/menthe-verte-2\/"},"modified":"2026-03-12T14:03:39","modified_gmt":"2026-03-12T18:03:39","slug":"menthe-verte-2","status":"publish","type":"product","link":"https:\/\/www.paysagesrossignol.com\/en\/produit\/menthe-verte-2\/","title":{"rendered":"Menthe Verte"},"content":{"rendered":"<h1>Voir disponibilit\u00e9 en magasin<\/h1>\n<p>On peut l&#8217;utiliser dans les p\u00e2tisseries, les gel\u00e9es, les conserves, les plats de l\u00e9gumes ou de viande et dans les sauces. Comme elle peut \u00eatre envahissante, il faut l&#8217;emp\u00eacher d&#8217;envahir les sentiers et pelouses avoisinantes. Conseil: Retirez le fond d&#8217;un contenant. Creusez un trou au jardin et ins\u00e9rez le contenant. Semez la menthe verte dans le contenant. Hauteur de la plante: 30-90 cm (12-36&#8243;). Vivace. Zone 3-9. Mentha Spicata<\/p>\n<p>90 jours \u00e0 la r\u00e9colte<\/p>\n<p>McKenzie<\/p>\n<p>&nbsp;<\/p>\n","protected":false},"excerpt":{"rendered":"<p>Voir disponibilit\u00e9 en magasin On peut l&#8217;utiliser dans les p\u00e2tisseries, les gel\u00e9es, les conserves, les plats de l\u00e9gumes ou de viande et dans les sauces. Comme elle peut \u00eatre envahissante, il faut l&#8217;emp\u00eacher d&#8217;envahir les sentiers et pelouses avoisinantes. Conseil: Retirez le fond d&#8217;un contenant. Creusez un trou au jardin et ins\u00e9rez le contenant. Semez [&hellip;]<\/p>\n","protected":false},"featured_media":28265,"template":"","meta":[],"product_cat":[125],"product_tag":[],"acf":[],"_links":{"self":[{"href":"https:\/\/www.paysagesrossignol.com\/en\/wp-json\/wp\/v2\/product\/13230"}],"collection":[{"href":"https:\/\/www.paysagesrossignol.com\/en\/wp-json\/wp\/v2\/product"}],"about":[{"href":"https:\/\/www.paysagesrossignol.com\/en\/wp-json\/wp\/v2\/types\/product"}],"wp:featuredmedia":[{"embeddable":true,"href":"https:\/\/www.paysagesrossignol.com\/en\/wp-json\/wp\/v2\/media\/28265"}],"wp:attachment":[{"href":"https:\/\/www.paysagesrossignol.com\/en\/wp-json\/wp\/v2\/media?parent=13230"}],"wp:term":[{"taxonomy":"product_cat","embeddable":true,"href":"https:\/\/www.paysagesrossignol.com\/en\/wp-json\/wp\/v2\/product_cat?post=13230"},{"taxonomy":"product_tag","embeddable":true,"href":"https:\/\/www.paysagesrossignol.com\/en\/wp-json\/wp\/v2\/product_tag?post=13230"}],"curies":[{"name":"wp","href":"https:\/\/api.w.org\/{rel}","templated":true}]}}