{"id":13233,"date":"2026-03-10T00:00:43","date_gmt":"2026-03-10T04:00:43","guid":{"rendered":"https:\/\/www.paysagesrossignol.com\/produit\/capucine-dwarf-double-cherry-rose\/"},"modified":"2026-03-12T16:01:07","modified_gmt":"2026-03-12T20:01:07","slug":"capucine-dwarf-double-cherry-rose","status":"publish","type":"product","link":"https:\/\/www.paysagesrossignol.com\/en\/produit\/capucine-dwarf-double-cherry-rose\/","title":{"rendered":"Capucine Dwarf Double Cherry Rose"},"content":{"rendered":"<h1>Voir disponibilit\u00e9 en magasin<\/h1>\n<p>Les fleurs semi-doubles rouge cerise de 5 cm (2&#8243;) de diam\u00e8tre s&#8217;\u00e9panouissent \u00e0 la hauteur du feuillage sur des plants buissonnants. Offre une ambiance luxuriante et un peu &#8220;vieux-pays&#8221; \u00e0 la plate-bande. Mais elles sont aussi comestibles, ajoutant ainsi de la couleur, de l&#8217;int\u00e9r\u00eat et un go\u00fbt poivr\u00e9 aux plats. Elle r\u00e9ussit m\u00eame dans les sols les plus pauvres. Semer directement au jardin. Il n&#8217;aime pas \u00eatre d\u00e9rang\u00e9. Annuelle. Tropaeolum Minus<\/p>\n<p>32-40 jours \u00e0 la floraison<\/p>\n<p>McKenzie<\/p>\n","protected":false},"excerpt":{"rendered":"<p>Voir disponibilit\u00e9 en magasin Les fleurs semi-doubles rouge cerise de 5 cm (2&#8243;) de diam\u00e8tre s&#8217;\u00e9panouissent \u00e0 la hauteur du feuillage sur des plants buissonnants. Offre une ambiance luxuriante et un peu &#8220;vieux-pays&#8221; \u00e0 la plate-bande. Mais elles sont aussi comestibles, ajoutant ainsi de la couleur, de l&#8217;int\u00e9r\u00eat et un go\u00fbt poivr\u00e9 aux plats. Elle [&hellip;]<\/p>\n","protected":false},"featured_media":23855,"template":"","meta":[],"product_cat":[124],"product_tag":[],"acf":[],"_links":{"self":[{"href":"https:\/\/www.paysagesrossignol.com\/en\/wp-json\/wp\/v2\/product\/13233"}],"collection":[{"href":"https:\/\/www.paysagesrossignol.com\/en\/wp-json\/wp\/v2\/product"}],"about":[{"href":"https:\/\/www.paysagesrossignol.com\/en\/wp-json\/wp\/v2\/types\/product"}],"wp:featuredmedia":[{"embeddable":true,"href":"https:\/\/www.paysagesrossignol.com\/en\/wp-json\/wp\/v2\/media\/23855"}],"wp:attachment":[{"href":"https:\/\/www.paysagesrossignol.com\/en\/wp-json\/wp\/v2\/media?parent=13233"}],"wp:term":[{"taxonomy":"product_cat","embeddable":true,"href":"https:\/\/www.paysagesrossignol.com\/en\/wp-json\/wp\/v2\/product_cat?post=13233"},{"taxonomy":"product_tag","embeddable":true,"href":"https:\/\/www.paysagesrossignol.com\/en\/wp-json\/wp\/v2\/product_tag?post=13233"}],"curies":[{"name":"wp","href":"https:\/\/api.w.org\/{rel}","templated":true}]}}