{"id":13304,"date":"2026-03-10T00:00:28","date_gmt":"2026-03-10T04:00:28","guid":{"rendered":"https:\/\/www.paysagesrossignol.com\/produit\/pois-lincoln-homesteader\/"},"modified":"2026-03-12T13:01:33","modified_gmt":"2026-03-12T17:01:33","slug":"pois-lincoln-homesteader","status":"publish","type":"product","link":"https:\/\/www.paysagesrossignol.com\/en\/produit\/pois-lincoln-homesteader\/","title":{"rendered":"Pois Lincoln Homesteader"},"content":{"rendered":"<h1>Voir disponibilit\u00e9 en magasin<\/h1>\n<p>La vari\u00e9t\u00e9 &#8216;Lincoln Homesteader&#8217; est populaire depuis plusieurs g\u00e9n\u00e9rations gr\u00e2ce \u00e0 son rendement tr\u00e8s productif de petits pois sucr\u00e9s de premi\u00e8re qualit\u00e9. Elle est r\u00e9sistante \u00e0 la chaleur et aux maladies. Les cosses minces de 8 cm (3&#8243;) de long contiennent 8 a 9 petits pois. Faites des semis successifs \u00e0 toutes les deux semaines jusqu&#8217;\u00e0 la mi-juin pour une saison de r\u00e9colte prolong\u00e9e. Hauteur de la plante: 75 cm (30&#8243;)<\/p>\n<p>63-68 jours \u00e0 la r\u00e9colte<\/p>\n<p>McKenzie<\/p>\n","protected":false},"excerpt":{"rendered":"<p>Voir disponibilit\u00e9 en magasin La vari\u00e9t\u00e9 &#8216;Lincoln Homesteader&#8217; est populaire depuis plusieurs g\u00e9n\u00e9rations gr\u00e2ce \u00e0 son rendement tr\u00e8s productif de petits pois sucr\u00e9s de premi\u00e8re qualit\u00e9. Elle est r\u00e9sistante \u00e0 la chaleur et aux maladies. Les cosses minces de 8 cm (3&#8243;) de long contiennent 8 a 9 petits pois. Faites des semis successifs \u00e0 [&hellip;]<\/p>\n","protected":false},"featured_media":29401,"template":"","meta":[],"product_cat":[125],"product_tag":[],"acf":[],"_links":{"self":[{"href":"https:\/\/www.paysagesrossignol.com\/en\/wp-json\/wp\/v2\/product\/13304"}],"collection":[{"href":"https:\/\/www.paysagesrossignol.com\/en\/wp-json\/wp\/v2\/product"}],"about":[{"href":"https:\/\/www.paysagesrossignol.com\/en\/wp-json\/wp\/v2\/types\/product"}],"wp:featuredmedia":[{"embeddable":true,"href":"https:\/\/www.paysagesrossignol.com\/en\/wp-json\/wp\/v2\/media\/29401"}],"wp:attachment":[{"href":"https:\/\/www.paysagesrossignol.com\/en\/wp-json\/wp\/v2\/media?parent=13304"}],"wp:term":[{"taxonomy":"product_cat","embeddable":true,"href":"https:\/\/www.paysagesrossignol.com\/en\/wp-json\/wp\/v2\/product_cat?post=13304"},{"taxonomy":"product_tag","embeddable":true,"href":"https:\/\/www.paysagesrossignol.com\/en\/wp-json\/wp\/v2\/product_tag?post=13304"}],"curies":[{"name":"wp","href":"https:\/\/api.w.org\/{rel}","templated":true}]}}