{"id":13313,"date":"2026-03-10T00:00:50","date_gmt":"2026-03-10T04:00:50","guid":{"rendered":"https:\/\/www.paysagesrossignol.com\/produit\/gloire-du-matin-en-melange\/"},"modified":"2026-03-12T14:37:48","modified_gmt":"2026-03-12T18:37:48","slug":"gloire-du-matin-en-melange","status":"publish","type":"product","link":"https:\/\/www.paysagesrossignol.com\/en\/produit\/gloire-du-matin-en-melange\/","title":{"rendered":"Gloire du Matin en m\u00e9lange"},"content":{"rendered":"<h1>Voir disponibilit\u00e9 en magasin<\/h1>\n<p>Des teintes exquises de rouge et de pourpre. Une floraison abondante de fleurs qui \u00e9clorent le matin pour faner le soir. Grimpe rapidement sur les cl\u00f4tures, galeries et treillis. Tol\u00e9rante \u00e0 la s\u00e9cheresse. Faites tremper les graines dans de l&#8217;eau \u00e0 temp\u00e9rature ambiante 12 \u00e0 24 heures avant le semis pour favoriser la germination. Un sol fertilis\u00e9 ou riche donnera un feuillage luxuriant, mais emp\u00eachera la floraison. Annuelle. Avis: Les graines sont toxique si ing\u00e9r\u00e9. Ipomoea Purpurea<\/p>\n<p>50-80 jours \u00e0 la floraison.<\/p>\n<p>McKenzie<\/p>\n<p>&nbsp;<\/p>\n","protected":false},"excerpt":{"rendered":"<p>Voir disponibilit\u00e9 en magasin Des teintes exquises de rouge et de pourpre. Une floraison abondante de fleurs qui \u00e9clorent le matin pour faner le soir. Grimpe rapidement sur les cl\u00f4tures, galeries et treillis. Tol\u00e9rante \u00e0 la s\u00e9cheresse. Faites tremper les graines dans de l&#8217;eau \u00e0 temp\u00e9rature ambiante 12 \u00e0 24 heures avant le semis pour [&hellip;]<\/p>\n","protected":false},"featured_media":27939,"template":"","meta":[],"product_cat":[124],"product_tag":[],"acf":[],"_links":{"self":[{"href":"https:\/\/www.paysagesrossignol.com\/en\/wp-json\/wp\/v2\/product\/13313"}],"collection":[{"href":"https:\/\/www.paysagesrossignol.com\/en\/wp-json\/wp\/v2\/product"}],"about":[{"href":"https:\/\/www.paysagesrossignol.com\/en\/wp-json\/wp\/v2\/types\/product"}],"wp:featuredmedia":[{"embeddable":true,"href":"https:\/\/www.paysagesrossignol.com\/en\/wp-json\/wp\/v2\/media\/27939"}],"wp:attachment":[{"href":"https:\/\/www.paysagesrossignol.com\/en\/wp-json\/wp\/v2\/media?parent=13313"}],"wp:term":[{"taxonomy":"product_cat","embeddable":true,"href":"https:\/\/www.paysagesrossignol.com\/en\/wp-json\/wp\/v2\/product_cat?post=13313"},{"taxonomy":"product_tag","embeddable":true,"href":"https:\/\/www.paysagesrossignol.com\/en\/wp-json\/wp\/v2\/product_tag?post=13313"}],"curies":[{"name":"wp","href":"https:\/\/api.w.org\/{rel}","templated":true}]}}