{"id":13330,"date":"2026-03-10T00:00:13","date_gmt":"2026-03-10T04:00:13","guid":{"rendered":"https:\/\/www.paysagesrossignol.com\/produit\/cantaloup-delicious\/"},"modified":"2026-03-12T12:12:36","modified_gmt":"2026-03-12T16:12:36","slug":"cantaloup-delicious","status":"publish","type":"product","link":"https:\/\/www.paysagesrossignol.com\/en\/produit\/cantaloup-delicious\/","title":{"rendered":"Cantaloup Delicious"},"content":{"rendered":"<h1>Voir disponibilit\u00e9 en magasin<\/h1>\n<p>Chair orange vif. Grosseur du fruit 12,5 x 15 cm (5&#8243; x 6&#8243;). Fruit de climat chaud qui pr\u00e9f\u00e8re un sol fertile, l\u00e9ger et sablonneux. Le fruit est \u00e0 maturit\u00e9 quand il se s\u00e9pare facilement de la tige.<\/p>\n<p>95-105 jours<\/p>\n<p>McKenzie<\/p>\n","protected":false},"excerpt":{"rendered":"<p>Voir disponibilit\u00e9 en magasin Chair orange vif. Grosseur du fruit 12,5 x 15 cm (5&#8243; x 6&#8243;). Fruit de climat chaud qui pr\u00e9f\u00e8re un sol fertile, l\u00e9ger et sablonneux. Le fruit est \u00e0 maturit\u00e9 quand il se s\u00e9pare facilement de la tige. 95-105 jours McKenzie<\/p>\n","protected":false},"featured_media":23228,"template":"","meta":[],"product_cat":[125],"product_tag":[],"acf":[],"_links":{"self":[{"href":"https:\/\/www.paysagesrossignol.com\/en\/wp-json\/wp\/v2\/product\/13330"}],"collection":[{"href":"https:\/\/www.paysagesrossignol.com\/en\/wp-json\/wp\/v2\/product"}],"about":[{"href":"https:\/\/www.paysagesrossignol.com\/en\/wp-json\/wp\/v2\/types\/product"}],"wp:featuredmedia":[{"embeddable":true,"href":"https:\/\/www.paysagesrossignol.com\/en\/wp-json\/wp\/v2\/media\/23228"}],"wp:attachment":[{"href":"https:\/\/www.paysagesrossignol.com\/en\/wp-json\/wp\/v2\/media?parent=13330"}],"wp:term":[{"taxonomy":"product_cat","embeddable":true,"href":"https:\/\/www.paysagesrossignol.com\/en\/wp-json\/wp\/v2\/product_cat?post=13330"},{"taxonomy":"product_tag","embeddable":true,"href":"https:\/\/www.paysagesrossignol.com\/en\/wp-json\/wp\/v2\/product_tag?post=13330"}],"curies":[{"name":"wp","href":"https:\/\/api.w.org\/{rel}","templated":true}]}}