{"id":13346,"date":"2026-03-10T00:00:33","date_gmt":"2026-03-10T04:00:33","guid":{"rendered":"https:\/\/www.paysagesrossignol.com\/produit\/radis-cherry-belle-ruban\/"},"modified":"2026-03-12T11:47:23","modified_gmt":"2026-03-12T15:47:23","slug":"radis-cherry-belle-ruban","status":"publish","type":"product","link":"https:\/\/www.paysagesrossignol.com\/en\/produit\/radis-cherry-belle-ruban\/","title":{"rendered":"Radis Cherry Belle Ruban"},"content":{"rendered":"<h1>Voir disponibilit\u00e9 en magasin<\/h1>\n<p>Vari\u00e9t\u00e9 tr\u00e8s populaire rouge et lisse \u00e0 la chair blanche et croquante. R\u00e9p\u00e9tez les semis aux 2 semaines pour assurer une r\u00e9colte continue.<\/p>\n<p>20-25 jours \u00e0 la r\u00e9colte<\/p>\n<p>McKenzie<\/p>\n","protected":false},"excerpt":{"rendered":"<p>Voir disponibilit\u00e9 en magasin Vari\u00e9t\u00e9 tr\u00e8s populaire rouge et lisse \u00e0 la chair blanche et croquante. R\u00e9p\u00e9tez les semis aux 2 semaines pour assurer une r\u00e9colte continue. 20-25 jours \u00e0 la r\u00e9colte McKenzie<\/p>\n","protected":false},"featured_media":25539,"template":"","meta":[],"product_cat":[125],"product_tag":[],"acf":[],"_links":{"self":[{"href":"https:\/\/www.paysagesrossignol.com\/en\/wp-json\/wp\/v2\/product\/13346"}],"collection":[{"href":"https:\/\/www.paysagesrossignol.com\/en\/wp-json\/wp\/v2\/product"}],"about":[{"href":"https:\/\/www.paysagesrossignol.com\/en\/wp-json\/wp\/v2\/types\/product"}],"wp:featuredmedia":[{"embeddable":true,"href":"https:\/\/www.paysagesrossignol.com\/en\/wp-json\/wp\/v2\/media\/25539"}],"wp:attachment":[{"href":"https:\/\/www.paysagesrossignol.com\/en\/wp-json\/wp\/v2\/media?parent=13346"}],"wp:term":[{"taxonomy":"product_cat","embeddable":true,"href":"https:\/\/www.paysagesrossignol.com\/en\/wp-json\/wp\/v2\/product_cat?post=13346"},{"taxonomy":"product_tag","embeddable":true,"href":"https:\/\/www.paysagesrossignol.com\/en\/wp-json\/wp\/v2\/product_tag?post=13346"}],"curies":[{"name":"wp","href":"https:\/\/api.w.org\/{rel}","templated":true}]}}