{"id":13408,"date":"2026-03-10T00:00:37","date_gmt":"2026-03-10T04:00:37","guid":{"rendered":"https:\/\/www.paysagesrossignol.com\/produit\/carotte-melange-arc-en-ciel\/"},"modified":"2026-03-12T11:37:56","modified_gmt":"2026-03-12T15:37:56","slug":"carotte-melange-arc-en-ciel","status":"publish","type":"product","link":"https:\/\/www.paysagesrossignol.com\/en\/produit\/carotte-melange-arc-en-ciel\/","title":{"rendered":"Carotte m\u00e9lange Arc-En-Ciel"},"content":{"rendered":"<h1>Voir disponibilit\u00e9 en magasin<\/h1>\n<p>Les carottes arc-en-ciel produisent un m\u00e9lange de carottes oranges, jaunes, rouges, violettes et parfois blanches. Ces Carottes color\u00e9es de 20-25 cm (8-10&#8243;) amusent les enfants. Croustillantes et sucr\u00e9es, elles constituent un excellent choix pour les salades et les plats gastronomiques.<\/p>\n<p>67-70 jours \u00e0 la r\u00e9colte<\/p>\n<p>McKenzie<\/p>\n","protected":false},"excerpt":{"rendered":"<p>Voir disponibilit\u00e9 en magasin Les carottes arc-en-ciel produisent un m\u00e9lange de carottes oranges, jaunes, rouges, violettes et parfois blanches. Ces Carottes color\u00e9es de 20-25 cm (8-10&#8243;) amusent les enfants. Croustillantes et sucr\u00e9es, elles constituent un excellent choix pour les salades et les plats gastronomiques. 67-70 jours \u00e0 la r\u00e9colte McKenzie<\/p>\n","protected":false},"featured_media":28178,"template":"","meta":[],"product_cat":[125],"product_tag":[],"acf":[],"_links":{"self":[{"href":"https:\/\/www.paysagesrossignol.com\/en\/wp-json\/wp\/v2\/product\/13408"}],"collection":[{"href":"https:\/\/www.paysagesrossignol.com\/en\/wp-json\/wp\/v2\/product"}],"about":[{"href":"https:\/\/www.paysagesrossignol.com\/en\/wp-json\/wp\/v2\/types\/product"}],"wp:featuredmedia":[{"embeddable":true,"href":"https:\/\/www.paysagesrossignol.com\/en\/wp-json\/wp\/v2\/media\/28178"}],"wp:attachment":[{"href":"https:\/\/www.paysagesrossignol.com\/en\/wp-json\/wp\/v2\/media?parent=13408"}],"wp:term":[{"taxonomy":"product_cat","embeddable":true,"href":"https:\/\/www.paysagesrossignol.com\/en\/wp-json\/wp\/v2\/product_cat?post=13408"},{"taxonomy":"product_tag","embeddable":true,"href":"https:\/\/www.paysagesrossignol.com\/en\/wp-json\/wp\/v2\/product_tag?post=13408"}],"curies":[{"name":"wp","href":"https:\/\/api.w.org\/{rel}","templated":true}]}}