{"id":13573,"date":"2026-03-10T00:00:01","date_gmt":"2026-03-10T04:00:01","guid":{"rendered":"https:\/\/www.paysagesrossignol.com\/produit\/carotte-scarlet-nantes-sans-coeur\/"},"modified":"2026-03-12T11:40:56","modified_gmt":"2026-03-12T15:40:56","slug":"carotte-scarlet-nantes-sans-coeur","status":"publish","type":"product","link":"https:\/\/www.paysagesrossignol.com\/en\/produit\/carotte-scarlet-nantes-sans-coeur\/","title":{"rendered":"Carotte Scarlet Nantes"},"content":{"rendered":"<h1>Voir disponibilit\u00e9 en magasin<\/h1>\n<p>La vari\u00e9t\u00e9 la plus populaire pour le potager familial. La racine est sucr\u00e9e et tendre et pourtant croquante. Id\u00e9al pour la cong\u00e9lation. De couleur orange vif. Presque sans coeur. Un sol riche et meuble est id\u00e9al. Une humidit\u00e9 de sol constante est essentielle.<\/p>\n<p>68 jours \u00e0 la r\u00e9colte<\/p>\n<p>McKenzie<\/p>\n","protected":false},"excerpt":{"rendered":"<p>Voir disponibilit\u00e9 en magasin La vari\u00e9t\u00e9 la plus populaire pour le potager familial. La racine est sucr\u00e9e et tendre et pourtant croquante. Id\u00e9al pour la cong\u00e9lation. De couleur orange vif. Presque sans coeur. Un sol riche et meuble est id\u00e9al. Une humidit\u00e9 de sol constante est essentielle. 68 jours \u00e0 la r\u00e9colte McKenzie<\/p>\n","protected":false},"featured_media":23532,"template":"","meta":[],"product_cat":[125],"product_tag":[],"acf":[],"_links":{"self":[{"href":"https:\/\/www.paysagesrossignol.com\/en\/wp-json\/wp\/v2\/product\/13573"}],"collection":[{"href":"https:\/\/www.paysagesrossignol.com\/en\/wp-json\/wp\/v2\/product"}],"about":[{"href":"https:\/\/www.paysagesrossignol.com\/en\/wp-json\/wp\/v2\/types\/product"}],"wp:featuredmedia":[{"embeddable":true,"href":"https:\/\/www.paysagesrossignol.com\/en\/wp-json\/wp\/v2\/media\/23532"}],"wp:attachment":[{"href":"https:\/\/www.paysagesrossignol.com\/en\/wp-json\/wp\/v2\/media?parent=13573"}],"wp:term":[{"taxonomy":"product_cat","embeddable":true,"href":"https:\/\/www.paysagesrossignol.com\/en\/wp-json\/wp\/v2\/product_cat?post=13573"},{"taxonomy":"product_tag","embeddable":true,"href":"https:\/\/www.paysagesrossignol.com\/en\/wp-json\/wp\/v2\/product_tag?post=13573"}],"curies":[{"name":"wp","href":"https:\/\/api.w.org\/{rel}","templated":true}]}}