{"id":13612,"date":"2026-03-30T00:00:59","date_gmt":"2026-03-30T04:00:59","guid":{"rendered":"https:\/\/www.paysagesrossignol.com\/produit\/paillis-de-cedre-brun\/"},"modified":"2026-03-30T16:16:45","modified_gmt":"2026-03-30T20:16:45","slug":"paillis-de-cedre-brun","status":"publish","type":"product","link":"https:\/\/www.paysagesrossignol.com\/en\/produit\/paillis-de-cedre-brun\/","title":{"rendered":"Paillis de C\u00e8dre Brun"},"content":{"rendered":"<h1>Voir disponibilit\u00e9 en magasin<\/h1>\n<p>Sac de 3 pi. cube \/ 85 litres<\/p>\n<p>Rehausse l\u2019apparence de vos plates-bandes<br \/>\nContr\u00f4le la croissance des mauvaises herbes<br \/>\nR\u00e9duit la fr\u00e9quence d\u2019arrosage en ralentissant l\u2019\u00e9vaporation de l\u2019eau du sol<br \/>\nProt\u00e8ge les racines du gel et de la s\u00e9cheresse<\/p>\n<p>UTILISATIONS<br \/>\nDans les plates-bandes<br \/>\nAu pied des arbres \/ arbustes \/ haies<br \/>\nDans les sentiers \/ all\u00e9es<\/p>\n","protected":false},"excerpt":{"rendered":"<p>Voir disponibilit\u00e9 en magasin Sac de 3 pi. cube \/ 85 litres Rehausse l\u2019apparence de vos plates-bandes Contr\u00f4le la croissance des mauvaises herbes R\u00e9duit la fr\u00e9quence d\u2019arrosage en ralentissant l\u2019\u00e9vaporation de l\u2019eau du sol Prot\u00e8ge les racines du gel et de la s\u00e9cheresse UTILISATIONS Dans les plates-bandes Au pied des arbres \/ arbustes \/ haies [&hellip;]<\/p>\n","protected":false},"featured_media":13613,"template":"","meta":[],"product_cat":[126],"product_tag":[],"acf":[],"_links":{"self":[{"href":"https:\/\/www.paysagesrossignol.com\/en\/wp-json\/wp\/v2\/product\/13612"}],"collection":[{"href":"https:\/\/www.paysagesrossignol.com\/en\/wp-json\/wp\/v2\/product"}],"about":[{"href":"https:\/\/www.paysagesrossignol.com\/en\/wp-json\/wp\/v2\/types\/product"}],"wp:featuredmedia":[{"embeddable":true,"href":"https:\/\/www.paysagesrossignol.com\/en\/wp-json\/wp\/v2\/media\/13613"}],"wp:attachment":[{"href":"https:\/\/www.paysagesrossignol.com\/en\/wp-json\/wp\/v2\/media?parent=13612"}],"wp:term":[{"taxonomy":"product_cat","embeddable":true,"href":"https:\/\/www.paysagesrossignol.com\/en\/wp-json\/wp\/v2\/product_cat?post=13612"},{"taxonomy":"product_tag","embeddable":true,"href":"https:\/\/www.paysagesrossignol.com\/en\/wp-json\/wp\/v2\/product_tag?post=13612"}],"curies":[{"name":"wp","href":"https:\/\/api.w.org\/{rel}","templated":true}]}}