{"id":13940,"date":"2026-03-10T00:00:27","date_gmt":"2026-03-10T04:00:27","guid":{"rendered":"https:\/\/www.paysagesrossignol.com\/produit\/carotte-nantes-touchon\/"},"modified":"2026-03-12T11:41:31","modified_gmt":"2026-03-12T15:41:31","slug":"carotte-nantes-touchon","status":"publish","type":"product","link":"https:\/\/www.paysagesrossignol.com\/en\/produit\/carotte-nantes-touchon\/","title":{"rendered":"Carotte Nantes Touchon"},"content":{"rendered":"<h1>Voir disponibilit\u00e9 en magasin<\/h1>\n<p>Une carotte longue et de tr\u00e8s haute qualit\u00e9. Chair orange vive, presque sans coeur. Sucr\u00e9e et juteuse. Bon choix pour la cong\u00e9lation. Pr\u00e9f\u00e8re un sol riche et meuble. Une humidit\u00e9 de sol constante est essentielle. Plantes compagnes: haricots, pois, tomate, oignon et poireau.<\/p>\n<p>60-70 jours \u00e0 la r\u00e9colte<\/p>\n<p>McKenzie<\/p>\n","protected":false},"excerpt":{"rendered":"<p>Voir disponibilit\u00e9 en magasin Une carotte longue et de tr\u00e8s haute qualit\u00e9. Chair orange vive, presque sans coeur. Sucr\u00e9e et juteuse. Bon choix pour la cong\u00e9lation. Pr\u00e9f\u00e8re un sol riche et meuble. Une humidit\u00e9 de sol constante est essentielle. Plantes compagnes: haricots, pois, tomate, oignon et poireau. 60-70 jours \u00e0 la r\u00e9colte McKenzie<\/p>\n","protected":false},"featured_media":23234,"template":"","meta":[],"product_cat":[125],"product_tag":[],"acf":[],"_links":{"self":[{"href":"https:\/\/www.paysagesrossignol.com\/en\/wp-json\/wp\/v2\/product\/13940"}],"collection":[{"href":"https:\/\/www.paysagesrossignol.com\/en\/wp-json\/wp\/v2\/product"}],"about":[{"href":"https:\/\/www.paysagesrossignol.com\/en\/wp-json\/wp\/v2\/types\/product"}],"wp:featuredmedia":[{"embeddable":true,"href":"https:\/\/www.paysagesrossignol.com\/en\/wp-json\/wp\/v2\/media\/23234"}],"wp:attachment":[{"href":"https:\/\/www.paysagesrossignol.com\/en\/wp-json\/wp\/v2\/media?parent=13940"}],"wp:term":[{"taxonomy":"product_cat","embeddable":true,"href":"https:\/\/www.paysagesrossignol.com\/en\/wp-json\/wp\/v2\/product_cat?post=13940"},{"taxonomy":"product_tag","embeddable":true,"href":"https:\/\/www.paysagesrossignol.com\/en\/wp-json\/wp\/v2\/product_tag?post=13940"}],"curies":[{"name":"wp","href":"https:\/\/api.w.org\/{rel}","templated":true}]}}