{"id":13944,"date":"2026-03-10T00:00:27","date_gmt":"2026-03-10T04:00:27","guid":{"rendered":"https:\/\/www.paysagesrossignol.com\/produit\/haricot-nain-francais-velours\/"},"modified":"2026-03-12T11:45:57","modified_gmt":"2026-03-12T15:45:57","slug":"haricot-nain-francais-velours","status":"publish","type":"product","link":"https:\/\/www.paysagesrossignol.com\/en\/produit\/haricot-nain-francais-velours\/","title":{"rendered":"Haricot Nain Fran\u00e7ais Velours"},"content":{"rendered":"<h1>Voir disponibilit\u00e9 en magasin<\/h1>\n<p>Cosses saisissantes longues, pourpres et extra fines de 13-15 cm (5-6&#8243;). V\u00e9ritable vari\u00e9t\u00e9 gourmet. Sans fil! Excellentes saveur et texture. Port buissonnant compact. Production sur une longue p\u00e9riode. Excellent frais ou pour la cong\u00e9lation. R\u00e9sistant \u00e0 de nombreuses maladies. Hauteur de la plante: 30-40 cm (12-18&#8243;)<\/p>\n<p>60 jours \u00e0 la r\u00e9colte<\/p>\n<p>McKenzie<\/p>\n","protected":false},"excerpt":{"rendered":"<p>Voir disponibilit\u00e9 en magasin Cosses saisissantes longues, pourpres et extra fines de 13-15 cm (5-6&#8243;). V\u00e9ritable vari\u00e9t\u00e9 gourmet. Sans fil! Excellentes saveur et texture. Port buissonnant compact. Production sur une longue p\u00e9riode. Excellent frais ou pour la cong\u00e9lation. R\u00e9sistant \u00e0 de nombreuses maladies. Hauteur de la plante: 30-40 cm (12-18&#8243;) 60 jours \u00e0 la r\u00e9colte [&hellip;]<\/p>\n","protected":false},"featured_media":23491,"template":"","meta":[],"product_cat":[125],"product_tag":[],"acf":[],"_links":{"self":[{"href":"https:\/\/www.paysagesrossignol.com\/en\/wp-json\/wp\/v2\/product\/13944"}],"collection":[{"href":"https:\/\/www.paysagesrossignol.com\/en\/wp-json\/wp\/v2\/product"}],"about":[{"href":"https:\/\/www.paysagesrossignol.com\/en\/wp-json\/wp\/v2\/types\/product"}],"wp:featuredmedia":[{"embeddable":true,"href":"https:\/\/www.paysagesrossignol.com\/en\/wp-json\/wp\/v2\/media\/23491"}],"wp:attachment":[{"href":"https:\/\/www.paysagesrossignol.com\/en\/wp-json\/wp\/v2\/media?parent=13944"}],"wp:term":[{"taxonomy":"product_cat","embeddable":true,"href":"https:\/\/www.paysagesrossignol.com\/en\/wp-json\/wp\/v2\/product_cat?post=13944"},{"taxonomy":"product_tag","embeddable":true,"href":"https:\/\/www.paysagesrossignol.com\/en\/wp-json\/wp\/v2\/product_tag?post=13944"}],"curies":[{"name":"wp","href":"https:\/\/api.w.org\/{rel}","templated":true}]}}