{"id":13946,"date":"2026-03-10T00:00:22","date_gmt":"2026-03-10T04:00:22","guid":{"rendered":"https:\/\/www.paysagesrossignol.com\/produit\/oignon-rossa-lunga-di-firenze\/"},"modified":"2026-03-10T16:37:06","modified_gmt":"2026-03-10T20:37:06","slug":"oignon-rossa-lunga-di-firenze","status":"publish","type":"product","link":"https:\/\/www.paysagesrossignol.com\/en\/produit\/oignon-rossa-lunga-di-firenze\/","title":{"rendered":"Oignon Rossa Lunga Di Firenze"},"content":{"rendered":"<h1>Voir disponibilit\u00e9 en magasin<\/h1>\n<p>Cet oignon \u00e0 botteler facile \u00e0 cultiver produit un f\u00fbt rouge tendre et savoureux. Fait un ajout color\u00e9 aux salades, saut\u00e9s et omelettes. Pour assurer un approvisionnement continu, semez de nouveau toutes les deux semaines.<\/p>\n<p>90-100 jours \u00e0 la r\u00e9colte<\/p>\n<p>McKenzie<\/p>\n","protected":false},"excerpt":{"rendered":"<p>Voir disponibilit\u00e9 en magasin Cet oignon \u00e0 botteler facile \u00e0 cultiver produit un f\u00fbt rouge tendre et savoureux. Fait un ajout color\u00e9 aux salades, saut\u00e9s et omelettes. Pour assurer un approvisionnement continu, semez de nouveau toutes les deux semaines. 90-100 jours \u00e0 la r\u00e9colte McKenzie<\/p>\n","protected":false},"featured_media":29339,"template":"","meta":[],"product_cat":[125],"product_tag":[],"acf":[],"_links":{"self":[{"href":"https:\/\/www.paysagesrossignol.com\/en\/wp-json\/wp\/v2\/product\/13946"}],"collection":[{"href":"https:\/\/www.paysagesrossignol.com\/en\/wp-json\/wp\/v2\/product"}],"about":[{"href":"https:\/\/www.paysagesrossignol.com\/en\/wp-json\/wp\/v2\/types\/product"}],"wp:featuredmedia":[{"embeddable":true,"href":"https:\/\/www.paysagesrossignol.com\/en\/wp-json\/wp\/v2\/media\/29339"}],"wp:attachment":[{"href":"https:\/\/www.paysagesrossignol.com\/en\/wp-json\/wp\/v2\/media?parent=13946"}],"wp:term":[{"taxonomy":"product_cat","embeddable":true,"href":"https:\/\/www.paysagesrossignol.com\/en\/wp-json\/wp\/v2\/product_cat?post=13946"},{"taxonomy":"product_tag","embeddable":true,"href":"https:\/\/www.paysagesrossignol.com\/en\/wp-json\/wp\/v2\/product_tag?post=13946"}],"curies":[{"name":"wp","href":"https:\/\/api.w.org\/{rel}","templated":true}]}}