{"id":13952,"date":"2026-03-10T00:00:22","date_gmt":"2026-03-10T04:00:22","guid":{"rendered":"https:\/\/www.paysagesrossignol.com\/produit\/epinard-giant-noble\/"},"modified":"2026-03-10T15:55:46","modified_gmt":"2026-03-10T19:55:46","slug":"epinard-giant-noble","status":"publish","type":"product","link":"https:\/\/www.paysagesrossignol.com\/en\/produit\/epinard-giant-noble\/","title":{"rendered":"\u00c9pinard Giant Noble"},"content":{"rendered":"<h1>Voir disponibilit\u00e9 en magasin<\/h1>\n<p>Cette large plante qui s&#8217;\u00e9tend ais\u00e9ment produit d&#8217;\u00e9normes feuilles vert fonc\u00e9 et lisses. Lente \u00e0 monter en graines. Elle produit en abondance et est savoureuse.<\/p>\n<p>40-48 jours \u00e0 la r\u00e9colte<\/p>\n<p>McKenzie<\/p>\n","protected":false},"excerpt":{"rendered":"<p>Voir disponibilit\u00e9 en magasin Cette large plante qui s&#8217;\u00e9tend ais\u00e9ment produit d&#8217;\u00e9normes feuilles vert fonc\u00e9 et lisses. Lente \u00e0 monter en graines. Elle produit en abondance et est savoureuse. 40-48 jours \u00e0 la r\u00e9colte McKenzie<\/p>\n","protected":false},"featured_media":23554,"template":"","meta":[],"product_cat":[125],"product_tag":[],"acf":[],"_links":{"self":[{"href":"https:\/\/www.paysagesrossignol.com\/en\/wp-json\/wp\/v2\/product\/13952"}],"collection":[{"href":"https:\/\/www.paysagesrossignol.com\/en\/wp-json\/wp\/v2\/product"}],"about":[{"href":"https:\/\/www.paysagesrossignol.com\/en\/wp-json\/wp\/v2\/types\/product"}],"wp:featuredmedia":[{"embeddable":true,"href":"https:\/\/www.paysagesrossignol.com\/en\/wp-json\/wp\/v2\/media\/23554"}],"wp:attachment":[{"href":"https:\/\/www.paysagesrossignol.com\/en\/wp-json\/wp\/v2\/media?parent=13952"}],"wp:term":[{"taxonomy":"product_cat","embeddable":true,"href":"https:\/\/www.paysagesrossignol.com\/en\/wp-json\/wp\/v2\/product_cat?post=13952"},{"taxonomy":"product_tag","embeddable":true,"href":"https:\/\/www.paysagesrossignol.com\/en\/wp-json\/wp\/v2\/product_tag?post=13952"}],"curies":[{"name":"wp","href":"https:\/\/api.w.org\/{rel}","templated":true}]}}