{"id":14124,"date":"2026-03-10T00:00:17","date_gmt":"2026-03-10T04:00:17","guid":{"rendered":"https:\/\/www.paysagesrossignol.com\/produit\/feve-de-soja-edamame-envy\/"},"modified":"2026-03-19T15:51:18","modified_gmt":"2026-03-19T19:51:18","slug":"feve-de-soja-edamame-envy","status":"publish","type":"product","link":"https:\/\/www.paysagesrossignol.com\/en\/produit\/feve-de-soja-edamame-envy\/","title":{"rendered":"F\u00e8ve de Soja Edamame Envy &#8211; Bio"},"content":{"rendered":"<h1>Voir disponibilit\u00e9 en magasin<\/h1>\n<p>F\u00e8ve de soja ronde et verte mang\u00e9e fra\u00eeche en Edamame. D\u00e9velopp\u00e9 par Prof. Elwyn Meader.<\/p>\n<p>40 semences<\/p>\n<p>Tournesol<\/p>\n","protected":false},"excerpt":{"rendered":"<p>Voir disponibilit\u00e9 en magasin F\u00e8ve de soja ronde et verte mang\u00e9e fra\u00eeche en Edamame. D\u00e9velopp\u00e9 par Prof. Elwyn Meader. 40 semences Tournesol<\/p>\n","protected":false},"featured_media":14125,"template":"","meta":[],"product_cat":[123],"product_tag":[],"acf":[],"_links":{"self":[{"href":"https:\/\/www.paysagesrossignol.com\/en\/wp-json\/wp\/v2\/product\/14124"}],"collection":[{"href":"https:\/\/www.paysagesrossignol.com\/en\/wp-json\/wp\/v2\/product"}],"about":[{"href":"https:\/\/www.paysagesrossignol.com\/en\/wp-json\/wp\/v2\/types\/product"}],"wp:featuredmedia":[{"embeddable":true,"href":"https:\/\/www.paysagesrossignol.com\/en\/wp-json\/wp\/v2\/media\/14125"}],"wp:attachment":[{"href":"https:\/\/www.paysagesrossignol.com\/en\/wp-json\/wp\/v2\/media?parent=14124"}],"wp:term":[{"taxonomy":"product_cat","embeddable":true,"href":"https:\/\/www.paysagesrossignol.com\/en\/wp-json\/wp\/v2\/product_cat?post=14124"},{"taxonomy":"product_tag","embeddable":true,"href":"https:\/\/www.paysagesrossignol.com\/en\/wp-json\/wp\/v2\/product_tag?post=14124"}],"curies":[{"name":"wp","href":"https:\/\/api.w.org\/{rel}","templated":true}]}}