{"id":14138,"date":"2026-03-19T00:00:23","date_gmt":"2026-03-19T04:00:23","guid":{"rendered":"https:\/\/www.paysagesrossignol.com\/produit\/haricot-grimpant-kahnawake-mohawk-bio\/"},"modified":"2026-03-19T15:56:53","modified_gmt":"2026-03-19T19:56:53","slug":"haricot-grimpant-kahnawake-mohawk-bio","status":"publish","type":"product","link":"https:\/\/www.paysagesrossignol.com\/en\/produit\/haricot-grimpant-kahnawake-mohawk-bio\/","title":{"rendered":"Haricot Grimpant Kahnawake Mohawk &#8211; Bio"},"content":{"rendered":"<h1>Voir disponibilit\u00e9 en magasin<\/h1>\n<p>Haricot large et terne avec lignes brunes. Aussi bon vert que s\u00e9ch\u00e9. Notre haricot le plus populaire. Du PATRIMOINE<\/p>\n<p>25 semences<\/p>\n<p>Tournesol<\/p>\n","protected":false},"excerpt":{"rendered":"<p>Voir disponibilit\u00e9 en magasin Haricot large et terne avec lignes brunes. Aussi bon vert que s\u00e9ch\u00e9. Notre haricot le plus populaire. Du PATRIMOINE 25 semences Tournesol<\/p>\n","protected":false},"featured_media":14139,"template":"","meta":[],"product_cat":[123],"product_tag":[],"acf":[],"_links":{"self":[{"href":"https:\/\/www.paysagesrossignol.com\/en\/wp-json\/wp\/v2\/product\/14138"}],"collection":[{"href":"https:\/\/www.paysagesrossignol.com\/en\/wp-json\/wp\/v2\/product"}],"about":[{"href":"https:\/\/www.paysagesrossignol.com\/en\/wp-json\/wp\/v2\/types\/product"}],"wp:featuredmedia":[{"embeddable":true,"href":"https:\/\/www.paysagesrossignol.com\/en\/wp-json\/wp\/v2\/media\/14139"}],"wp:attachment":[{"href":"https:\/\/www.paysagesrossignol.com\/en\/wp-json\/wp\/v2\/media?parent=14138"}],"wp:term":[{"taxonomy":"product_cat","embeddable":true,"href":"https:\/\/www.paysagesrossignol.com\/en\/wp-json\/wp\/v2\/product_cat?post=14138"},{"taxonomy":"product_tag","embeddable":true,"href":"https:\/\/www.paysagesrossignol.com\/en\/wp-json\/wp\/v2\/product_tag?post=14138"}],"curies":[{"name":"wp","href":"https:\/\/api.w.org\/{rel}","templated":true}]}}