{"id":14148,"date":"2026-03-10T00:00:30","date_gmt":"2026-03-10T04:00:30","guid":{"rendered":"https:\/\/www.paysagesrossignol.com\/produit\/pois-a-ecosser-green-arrow\/"},"modified":"2026-03-19T15:12:50","modified_gmt":"2026-03-19T19:12:50","slug":"pois-a-ecosser-green-arrow","status":"publish","type":"product","link":"https:\/\/www.paysagesrossignol.com\/en\/produit\/pois-a-ecosser-green-arrow\/","title":{"rendered":"Pois \u00e0 \u00c9cosser &#8211; Bio"},"content":{"rendered":"<h1>Voir disponibilit\u00e9 en magasin<\/h1>\n<p>Pois vert. Gousses uniformes et d\u00e9licieux petits pois.<\/p>\n<p>40 semences<\/p>\n<p>Tournesol<\/p>\n","protected":false},"excerpt":{"rendered":"<p>Voir disponibilit\u00e9 en magasin Pois vert. Gousses uniformes et d\u00e9licieux petits pois. 40 semences Tournesol<\/p>\n","protected":false},"featured_media":14149,"template":"","meta":[],"product_cat":[123],"product_tag":[],"acf":[],"_links":{"self":[{"href":"https:\/\/www.paysagesrossignol.com\/en\/wp-json\/wp\/v2\/product\/14148"}],"collection":[{"href":"https:\/\/www.paysagesrossignol.com\/en\/wp-json\/wp\/v2\/product"}],"about":[{"href":"https:\/\/www.paysagesrossignol.com\/en\/wp-json\/wp\/v2\/types\/product"}],"wp:featuredmedia":[{"embeddable":true,"href":"https:\/\/www.paysagesrossignol.com\/en\/wp-json\/wp\/v2\/media\/14149"}],"wp:attachment":[{"href":"https:\/\/www.paysagesrossignol.com\/en\/wp-json\/wp\/v2\/media?parent=14148"}],"wp:term":[{"taxonomy":"product_cat","embeddable":true,"href":"https:\/\/www.paysagesrossignol.com\/en\/wp-json\/wp\/v2\/product_cat?post=14148"},{"taxonomy":"product_tag","embeddable":true,"href":"https:\/\/www.paysagesrossignol.com\/en\/wp-json\/wp\/v2\/product_tag?post=14148"}],"curies":[{"name":"wp","href":"https:\/\/api.w.org\/{rel}","templated":true}]}}