{"id":14156,"date":"2026-03-10T00:00:36","date_gmt":"2026-03-10T04:00:36","guid":{"rendered":"https:\/\/www.paysagesrossignol.com\/produit\/pois-mange-tout-cascadia-mckenzie\/"},"modified":"2026-03-12T11:50:07","modified_gmt":"2026-03-12T15:50:07","slug":"pois-mange-tout-cascadia-mckenzie","status":"publish","type":"product","link":"https:\/\/www.paysagesrossignol.com\/en\/produit\/pois-mange-tout-cascadia-mckenzie\/","title":{"rendered":"Pois Mange-Tout Cascadia"},"content":{"rendered":"<h1>Voir disponibilit\u00e9 en magasin<\/h1>\n<p>Pois mange-tout \u00e0 cosse croquante vert fonc\u00e9. Utiliser quand la cosse est comestible ou comme pois \u00e0 \u00e9cosser plus tard. Tr\u00e8s sucr\u00e9. Demeure succulent et tendre. Rendement \u00e9lev\u00e9. Ne n\u00e9cessite pas de tuteur.<\/p>\n<p>65 jours \u00e0 la r\u00e9colte<\/p>\n<p>McKenzie<\/p>\n<p>&nbsp;<\/p>\n<p>&nbsp;<\/p>\n","protected":false},"excerpt":{"rendered":"<p>Voir disponibilit\u00e9 en magasin Pois mange-tout \u00e0 cosse croquante vert fonc\u00e9. Utiliser quand la cosse est comestible ou comme pois \u00e0 \u00e9cosser plus tard. Tr\u00e8s sucr\u00e9. Demeure succulent et tendre. Rendement \u00e9lev\u00e9. Ne n\u00e9cessite pas de tuteur. 65 jours \u00e0 la r\u00e9colte McKenzie &nbsp; &nbsp;<\/p>\n","protected":false},"featured_media":23700,"template":"","meta":[],"product_cat":[125],"product_tag":[],"acf":[],"_links":{"self":[{"href":"https:\/\/www.paysagesrossignol.com\/en\/wp-json\/wp\/v2\/product\/14156"}],"collection":[{"href":"https:\/\/www.paysagesrossignol.com\/en\/wp-json\/wp\/v2\/product"}],"about":[{"href":"https:\/\/www.paysagesrossignol.com\/en\/wp-json\/wp\/v2\/types\/product"}],"wp:featuredmedia":[{"embeddable":true,"href":"https:\/\/www.paysagesrossignol.com\/en\/wp-json\/wp\/v2\/media\/23700"}],"wp:attachment":[{"href":"https:\/\/www.paysagesrossignol.com\/en\/wp-json\/wp\/v2\/media?parent=14156"}],"wp:term":[{"taxonomy":"product_cat","embeddable":true,"href":"https:\/\/www.paysagesrossignol.com\/en\/wp-json\/wp\/v2\/product_cat?post=14156"},{"taxonomy":"product_tag","embeddable":true,"href":"https:\/\/www.paysagesrossignol.com\/en\/wp-json\/wp\/v2\/product_tag?post=14156"}],"curies":[{"name":"wp","href":"https:\/\/api.w.org\/{rel}","templated":true}]}}