{"id":14161,"date":"2026-03-18T00:00:36","date_gmt":"2026-03-18T04:00:36","guid":{"rendered":"https:\/\/www.paysagesrossignol.com\/produit\/kale-red-russian\/"},"modified":"2026-03-20T08:55:56","modified_gmt":"2026-03-20T12:55:56","slug":"kale-red-russian","status":"publish","type":"product","link":"https:\/\/www.paysagesrossignol.com\/en\/produit\/kale-red-russian\/","title":{"rendered":"Chou Fris\u00e9 Red Russian &#8211; Bio"},"content":{"rendered":"<h1>Voir disponibilit\u00e9 en magasin<\/h1>\n<p>Feuilles vertes et tendres avec marges dentel\u00e9es et tiges mauves. Deviennent sucr\u00e9es apr\u00e8s le gel.<\/p>\n<p>250 semences<\/p>\n<p>Tournesol<\/p>\n<p>&nbsp;<\/p>\n<p>&nbsp;<\/p>\n","protected":false},"excerpt":{"rendered":"<p>Voir disponibilit\u00e9 en magasin Feuilles vertes et tendres avec marges dentel\u00e9es et tiges mauves. Deviennent sucr\u00e9es apr\u00e8s le gel. 250 semences Tournesol &nbsp; &nbsp;<\/p>\n","protected":false},"featured_media":14162,"template":"","meta":[],"product_cat":[123],"product_tag":[],"acf":[],"_links":{"self":[{"href":"https:\/\/www.paysagesrossignol.com\/en\/wp-json\/wp\/v2\/product\/14161"}],"collection":[{"href":"https:\/\/www.paysagesrossignol.com\/en\/wp-json\/wp\/v2\/product"}],"about":[{"href":"https:\/\/www.paysagesrossignol.com\/en\/wp-json\/wp\/v2\/types\/product"}],"wp:featuredmedia":[{"embeddable":true,"href":"https:\/\/www.paysagesrossignol.com\/en\/wp-json\/wp\/v2\/media\/14162"}],"wp:attachment":[{"href":"https:\/\/www.paysagesrossignol.com\/en\/wp-json\/wp\/v2\/media?parent=14161"}],"wp:term":[{"taxonomy":"product_cat","embeddable":true,"href":"https:\/\/www.paysagesrossignol.com\/en\/wp-json\/wp\/v2\/product_cat?post=14161"},{"taxonomy":"product_tag","embeddable":true,"href":"https:\/\/www.paysagesrossignol.com\/en\/wp-json\/wp\/v2\/product_tag?post=14161"}],"curies":[{"name":"wp","href":"https:\/\/api.w.org\/{rel}","templated":true}]}}