{"id":14163,"date":"2026-03-11T00:00:36","date_gmt":"2026-03-11T04:00:36","guid":{"rendered":"https:\/\/www.paysagesrossignol.com\/produit\/rutabaga\/"},"modified":"2026-03-19T15:09:29","modified_gmt":"2026-03-19T19:09:29","slug":"rutabaga","status":"publish","type":"product","link":"https:\/\/www.paysagesrossignol.com\/en\/produit\/rutabaga\/","title":{"rendered":"Rutabaga &#8211; Bio"},"content":{"rendered":"<h1>Voir disponibilit\u00e9 en magasin<\/h1>\n<p>Grosses racines sucr\u00e9es \u00e0 chair jaune. Excellent l\u00e9gume de conservation hivernale.<\/p>\n<p>250 semences<\/p>\n<p>Tourne-Sol<\/p>\n<p>&nbsp;<\/p>\n","protected":false},"excerpt":{"rendered":"<p>Voir disponibilit\u00e9 en magasin Grosses racines sucr\u00e9es \u00e0 chair jaune. Excellent l\u00e9gume de conservation hivernale. 250 semences Tourne-Sol &nbsp;<\/p>\n","protected":false},"featured_media":14164,"template":"","meta":[],"product_cat":[123],"product_tag":[],"acf":[],"_links":{"self":[{"href":"https:\/\/www.paysagesrossignol.com\/en\/wp-json\/wp\/v2\/product\/14163"}],"collection":[{"href":"https:\/\/www.paysagesrossignol.com\/en\/wp-json\/wp\/v2\/product"}],"about":[{"href":"https:\/\/www.paysagesrossignol.com\/en\/wp-json\/wp\/v2\/types\/product"}],"wp:featuredmedia":[{"embeddable":true,"href":"https:\/\/www.paysagesrossignol.com\/en\/wp-json\/wp\/v2\/media\/14164"}],"wp:attachment":[{"href":"https:\/\/www.paysagesrossignol.com\/en\/wp-json\/wp\/v2\/media?parent=14163"}],"wp:term":[{"taxonomy":"product_cat","embeddable":true,"href":"https:\/\/www.paysagesrossignol.com\/en\/wp-json\/wp\/v2\/product_cat?post=14163"},{"taxonomy":"product_tag","embeddable":true,"href":"https:\/\/www.paysagesrossignol.com\/en\/wp-json\/wp\/v2\/product_tag?post=14163"}],"curies":[{"name":"wp","href":"https:\/\/api.w.org\/{rel}","templated":true}]}}