{"id":14171,"date":"2026-03-10T00:00:43","date_gmt":"2026-03-10T04:00:43","guid":{"rendered":"https:\/\/www.paysagesrossignol.com\/produit\/bok-choy-shanghai-green\/"},"modified":"2026-03-20T09:38:15","modified_gmt":"2026-03-20T13:38:15","slug":"bok-choy-shanghai-green","status":"publish","type":"product","link":"https:\/\/www.paysagesrossignol.com\/en\/produit\/bok-choy-shanghai-green\/","title":{"rendered":"Bok Choy Shanghai Green &#8211; Bio"},"content":{"rendered":"<h1>Voir disponibilit\u00e9 en magasin<\/h1>\n<p>Feuilles vertes avec tiges verte p\u00e2le. Forme un vase de 15 cm de hauteur. Pour salades ou saut\u00e9s.<\/p>\n<p>500 semences<\/p>\n<p>Tournesol<\/p>\n","protected":false},"excerpt":{"rendered":"<p>Voir disponibilit\u00e9 en magasin Feuilles vertes avec tiges verte p\u00e2le. Forme un vase de 15 cm de hauteur. Pour salades ou saut\u00e9s. 500 semences Tournesol<\/p>\n","protected":false},"featured_media":14172,"template":"","meta":[],"product_cat":[123],"product_tag":[],"acf":[],"_links":{"self":[{"href":"https:\/\/www.paysagesrossignol.com\/en\/wp-json\/wp\/v2\/product\/14171"}],"collection":[{"href":"https:\/\/www.paysagesrossignol.com\/en\/wp-json\/wp\/v2\/product"}],"about":[{"href":"https:\/\/www.paysagesrossignol.com\/en\/wp-json\/wp\/v2\/types\/product"}],"wp:featuredmedia":[{"embeddable":true,"href":"https:\/\/www.paysagesrossignol.com\/en\/wp-json\/wp\/v2\/media\/14172"}],"wp:attachment":[{"href":"https:\/\/www.paysagesrossignol.com\/en\/wp-json\/wp\/v2\/media?parent=14171"}],"wp:term":[{"taxonomy":"product_cat","embeddable":true,"href":"https:\/\/www.paysagesrossignol.com\/en\/wp-json\/wp\/v2\/product_cat?post=14171"},{"taxonomy":"product_tag","embeddable":true,"href":"https:\/\/www.paysagesrossignol.com\/en\/wp-json\/wp\/v2\/product_tag?post=14171"}],"curies":[{"name":"wp","href":"https:\/\/api.w.org\/{rel}","templated":true}]}}