{"id":14182,"date":"2026-03-10T00:00:50","date_gmt":"2026-03-10T04:00:50","guid":{"rendered":"https:\/\/www.paysagesrossignol.com\/produit\/tatsoi-arc-en-ciel-bio\/"},"modified":"2026-03-19T15:17:21","modified_gmt":"2026-03-19T19:17:21","slug":"tatsoi-arc-en-ciel-bio","status":"publish","type":"product","link":"https:\/\/www.paysagesrossignol.com\/en\/produit\/tatsoi-arc-en-ciel-bio\/","title":{"rendered":"Tatsoi Arc-en-ciel &#8211; Bio"},"content":{"rendered":"<h1>Voir disponibilit\u00e9 en magasin<\/h1>\n<p>Feuilles rondes dans les tons de vert et mauve. Bon en salade ou saut\u00e9. D\u00e9velopp\u00e9 chez Tourne-Sol.<\/p>\n<p>500 semences<\/p>\n<p>Tournesol<\/p>\n<p>&nbsp;<\/p>\n","protected":false},"excerpt":{"rendered":"<p>Voir disponibilit\u00e9 en magasin Feuilles rondes dans les tons de vert et mauve. Bon en salade ou saut\u00e9. D\u00e9velopp\u00e9 chez Tourne-Sol. 500 semences Tournesol &nbsp;<\/p>\n","protected":false},"featured_media":14183,"template":"","meta":[],"product_cat":[123],"product_tag":[],"acf":[],"_links":{"self":[{"href":"https:\/\/www.paysagesrossignol.com\/en\/wp-json\/wp\/v2\/product\/14182"}],"collection":[{"href":"https:\/\/www.paysagesrossignol.com\/en\/wp-json\/wp\/v2\/product"}],"about":[{"href":"https:\/\/www.paysagesrossignol.com\/en\/wp-json\/wp\/v2\/types\/product"}],"wp:featuredmedia":[{"embeddable":true,"href":"https:\/\/www.paysagesrossignol.com\/en\/wp-json\/wp\/v2\/media\/14183"}],"wp:attachment":[{"href":"https:\/\/www.paysagesrossignol.com\/en\/wp-json\/wp\/v2\/media?parent=14182"}],"wp:term":[{"taxonomy":"product_cat","embeddable":true,"href":"https:\/\/www.paysagesrossignol.com\/en\/wp-json\/wp\/v2\/product_cat?post=14182"},{"taxonomy":"product_tag","embeddable":true,"href":"https:\/\/www.paysagesrossignol.com\/en\/wp-json\/wp\/v2\/product_tag?post=14182"}],"curies":[{"name":"wp","href":"https:\/\/api.w.org\/{rel}","templated":true}]}}