{"id":14194,"date":"2026-03-10T00:00:57","date_gmt":"2026-03-10T04:00:57","guid":{"rendered":"https:\/\/www.paysagesrossignol.com\/produit\/radis-melon-deau\/"},"modified":"2026-03-19T14:42:21","modified_gmt":"2026-03-19T18:42:21","slug":"radis-melon-deau","status":"publish","type":"product","link":"https:\/\/www.paysagesrossignol.com\/en\/produit\/radis-melon-deau\/","title":{"rendered":"Radis Melon d&#8217;Eau &#8211; Bio"},"content":{"rendered":"<h1>Voir disponibilit\u00e9 en magasin<\/h1>\n<p>Forme ronde. 5 \u00e0 8 cm de large. Peau blanche avec collet vert. Chair rouge sucr\u00e9e et moyennement piquante.<\/p>\n<p>150 semences<\/p>\n<p>Tournesol<\/p>\n<p>&nbsp;<\/p>\n","protected":false},"excerpt":{"rendered":"<p>Voir disponibilit\u00e9 en magasin Forme ronde. 5 \u00e0 8 cm de large. Peau blanche avec collet vert. Chair rouge sucr\u00e9e et moyennement piquante. 150 semences Tournesol &nbsp;<\/p>\n","protected":false},"featured_media":14195,"template":"","meta":[],"product_cat":[123],"product_tag":[],"acf":[],"_links":{"self":[{"href":"https:\/\/www.paysagesrossignol.com\/en\/wp-json\/wp\/v2\/product\/14194"}],"collection":[{"href":"https:\/\/www.paysagesrossignol.com\/en\/wp-json\/wp\/v2\/product"}],"about":[{"href":"https:\/\/www.paysagesrossignol.com\/en\/wp-json\/wp\/v2\/types\/product"}],"wp:featuredmedia":[{"embeddable":true,"href":"https:\/\/www.paysagesrossignol.com\/en\/wp-json\/wp\/v2\/media\/14195"}],"wp:attachment":[{"href":"https:\/\/www.paysagesrossignol.com\/en\/wp-json\/wp\/v2\/media?parent=14194"}],"wp:term":[{"taxonomy":"product_cat","embeddable":true,"href":"https:\/\/www.paysagesrossignol.com\/en\/wp-json\/wp\/v2\/product_cat?post=14194"},{"taxonomy":"product_tag","embeddable":true,"href":"https:\/\/www.paysagesrossignol.com\/en\/wp-json\/wp\/v2\/product_tag?post=14194"}],"curies":[{"name":"wp","href":"https:\/\/api.w.org\/{rel}","templated":true}]}}