{"id":14199,"date":"2026-03-10T00:00:03","date_gmt":"2026-03-10T04:00:03","guid":{"rendered":"https:\/\/www.paysagesrossignol.com\/produit\/mesclun-combo-cruciferes-de-luxe\/"},"modified":"2026-03-20T09:43:15","modified_gmt":"2026-03-20T13:43:15","slug":"mesclun-combo-cruciferes-de-luxe","status":"publish","type":"product","link":"https:\/\/www.paysagesrossignol.com\/en\/produit\/mesclun-combo-cruciferes-de-luxe\/","title":{"rendered":"Mesclun Combo Crucif\u00e8res Deluxe &#8211; Bio"},"content":{"rendered":"<h1>Voir disponibilit\u00e9 en magasin<\/h1>\n<p>Notre m\u00e9lange de base additionn\u00e9 de roquette, rapini et moutardes fortes. Ce m\u00e9lange vous chatouillera les papilles.<\/p>\n<p>1000 semences<\/p>\n<p>Tournesol<\/p>\n","protected":false},"excerpt":{"rendered":"<p>Voir disponibilit\u00e9 en magasin Notre m\u00e9lange de base additionn\u00e9 de roquette, rapini et moutardes fortes. Ce m\u00e9lange vous chatouillera les papilles. 1000 semences Tournesol<\/p>\n","protected":false},"featured_media":25377,"template":"","meta":[],"product_cat":[123],"product_tag":[],"acf":[],"_links":{"self":[{"href":"https:\/\/www.paysagesrossignol.com\/en\/wp-json\/wp\/v2\/product\/14199"}],"collection":[{"href":"https:\/\/www.paysagesrossignol.com\/en\/wp-json\/wp\/v2\/product"}],"about":[{"href":"https:\/\/www.paysagesrossignol.com\/en\/wp-json\/wp\/v2\/types\/product"}],"wp:featuredmedia":[{"embeddable":true,"href":"https:\/\/www.paysagesrossignol.com\/en\/wp-json\/wp\/v2\/media\/25377"}],"wp:attachment":[{"href":"https:\/\/www.paysagesrossignol.com\/en\/wp-json\/wp\/v2\/media?parent=14199"}],"wp:term":[{"taxonomy":"product_cat","embeddable":true,"href":"https:\/\/www.paysagesrossignol.com\/en\/wp-json\/wp\/v2\/product_cat?post=14199"},{"taxonomy":"product_tag","embeddable":true,"href":"https:\/\/www.paysagesrossignol.com\/en\/wp-json\/wp\/v2\/product_tag?post=14199"}],"curies":[{"name":"wp","href":"https:\/\/api.w.org\/{rel}","templated":true}]}}