{"id":14210,"date":"2026-03-10T00:00:10","date_gmt":"2026-03-10T04:00:10","guid":{"rendered":"https:\/\/www.paysagesrossignol.com\/produit\/epinard-verdil\/"},"modified":"2026-03-19T14:38:57","modified_gmt":"2026-03-19T18:38:57","slug":"epinard-verdil","status":"publish","type":"product","link":"https:\/\/www.paysagesrossignol.com\/en\/produit\/epinard-verdil\/","title":{"rendered":"\u00c9pinard Verdil &#8211; Bio"},"content":{"rendered":"<h1>Voir disponibilit\u00e9 en magasin<\/h1>\n<p>\u00c9pinards vert fonc\u00e9 aux feuilles fondantes. Bonne tol\u00e9rance au froid. Pour semis au printemps ou \u00e0 l\u2019automne.<\/p>\n<p>300 semences<\/p>\n<p>Tournesol<\/p>\n<p>&nbsp;<\/p>\n<p>&nbsp;<\/p>\n","protected":false},"excerpt":{"rendered":"<p>Voir disponibilit\u00e9 en magasin \u00c9pinards vert fonc\u00e9 aux feuilles fondantes. Bonne tol\u00e9rance au froid. Pour semis au printemps ou \u00e0 l\u2019automne. 300 semences Tournesol &nbsp; &nbsp;<\/p>\n","protected":false},"featured_media":14211,"template":"","meta":[],"product_cat":[123],"product_tag":[],"acf":[],"_links":{"self":[{"href":"https:\/\/www.paysagesrossignol.com\/en\/wp-json\/wp\/v2\/product\/14210"}],"collection":[{"href":"https:\/\/www.paysagesrossignol.com\/en\/wp-json\/wp\/v2\/product"}],"about":[{"href":"https:\/\/www.paysagesrossignol.com\/en\/wp-json\/wp\/v2\/types\/product"}],"wp:featuredmedia":[{"embeddable":true,"href":"https:\/\/www.paysagesrossignol.com\/en\/wp-json\/wp\/v2\/media\/14211"}],"wp:attachment":[{"href":"https:\/\/www.paysagesrossignol.com\/en\/wp-json\/wp\/v2\/media?parent=14210"}],"wp:term":[{"taxonomy":"product_cat","embeddable":true,"href":"https:\/\/www.paysagesrossignol.com\/en\/wp-json\/wp\/v2\/product_cat?post=14210"},{"taxonomy":"product_tag","embeddable":true,"href":"https:\/\/www.paysagesrossignol.com\/en\/wp-json\/wp\/v2\/product_tag?post=14210"}],"curies":[{"name":"wp","href":"https:\/\/api.w.org\/{rel}","templated":true}]}}