{"id":14237,"date":"2026-03-10T00:00:24","date_gmt":"2026-03-10T04:00:24","guid":{"rendered":"https:\/\/www.paysagesrossignol.com\/produit\/melange-immortelles\/"},"modified":"2026-03-20T11:11:37","modified_gmt":"2026-03-20T15:11:37","slug":"melange-immortelles","status":"publish","type":"product","link":"https:\/\/www.paysagesrossignol.com\/en\/produit\/melange-immortelles\/","title":{"rendered":"Immortelle M\u00e9lange &#8211; Bio"},"content":{"rendered":"<h1>Voir disponibilit\u00e9 en magasin<\/h1>\n<p>M\u00e9lange de fleurs s\u00e9ch\u00e9es jaunes, roses, rouges et blanches. Aussi utilis\u00e9es fra\u00eeches.<\/p>\n<p>100 semences<\/p>\n<p>Tournesol<\/p>\n<p>&nbsp;<\/p>\n","protected":false},"excerpt":{"rendered":"<p>Voir disponibilit\u00e9 en magasin M\u00e9lange de fleurs s\u00e9ch\u00e9es jaunes, roses, rouges et blanches. Aussi utilis\u00e9es fra\u00eeches. 100 semences Tournesol &nbsp;<\/p>\n","protected":false},"featured_media":14238,"template":"","meta":[],"product_cat":[123],"product_tag":[],"acf":[],"_links":{"self":[{"href":"https:\/\/www.paysagesrossignol.com\/en\/wp-json\/wp\/v2\/product\/14237"}],"collection":[{"href":"https:\/\/www.paysagesrossignol.com\/en\/wp-json\/wp\/v2\/product"}],"about":[{"href":"https:\/\/www.paysagesrossignol.com\/en\/wp-json\/wp\/v2\/types\/product"}],"wp:featuredmedia":[{"embeddable":true,"href":"https:\/\/www.paysagesrossignol.com\/en\/wp-json\/wp\/v2\/media\/14238"}],"wp:attachment":[{"href":"https:\/\/www.paysagesrossignol.com\/en\/wp-json\/wp\/v2\/media?parent=14237"}],"wp:term":[{"taxonomy":"product_cat","embeddable":true,"href":"https:\/\/www.paysagesrossignol.com\/en\/wp-json\/wp\/v2\/product_cat?post=14237"},{"taxonomy":"product_tag","embeddable":true,"href":"https:\/\/www.paysagesrossignol.com\/en\/wp-json\/wp\/v2\/product_tag?post=14237"}],"curies":[{"name":"wp","href":"https:\/\/api.w.org\/{rel}","templated":true}]}}