{"id":14239,"date":"2026-03-10T00:00:31","date_gmt":"2026-03-10T04:00:31","guid":{"rendered":"https:\/\/www.paysagesrossignol.com\/produit\/zinnias-melanges\/"},"modified":"2026-03-20T12:58:44","modified_gmt":"2026-03-20T16:58:44","slug":"zinnias-melanges","status":"publish","type":"product","link":"https:\/\/www.paysagesrossignol.com\/en\/produit\/zinnias-melanges\/","title":{"rendered":"Zinnia M\u00e9lange &#8211; Bio"},"content":{"rendered":"<h1>Voir disponibilit\u00e9 en magasin<\/h1>\n<p>Un m\u00e9lange de zinnias roses, p\u00eache, jaunes et rouges. Continuez de r\u00e9colter les fleurs afin qu&#8217;elles continuent \u00e0 fleurir. Id\u00e9al pour des fleurs coup\u00e9es.<\/p>\n<p>40 semences<\/p>\n<p>Tournesol<\/p>\n<p>&nbsp;<\/p>\n","protected":false},"excerpt":{"rendered":"<p>Voir disponibilit\u00e9 en magasin Un m\u00e9lange de zinnias roses, p\u00eache, jaunes et rouges. Continuez de r\u00e9colter les fleurs afin qu&#8217;elles continuent \u00e0 fleurir. Id\u00e9al pour des fleurs coup\u00e9es. 40 semences Tournesol &nbsp;<\/p>\n","protected":false},"featured_media":14240,"template":"","meta":[],"product_cat":[123],"product_tag":[],"acf":[],"_links":{"self":[{"href":"https:\/\/www.paysagesrossignol.com\/en\/wp-json\/wp\/v2\/product\/14239"}],"collection":[{"href":"https:\/\/www.paysagesrossignol.com\/en\/wp-json\/wp\/v2\/product"}],"about":[{"href":"https:\/\/www.paysagesrossignol.com\/en\/wp-json\/wp\/v2\/types\/product"}],"wp:featuredmedia":[{"embeddable":true,"href":"https:\/\/www.paysagesrossignol.com\/en\/wp-json\/wp\/v2\/media\/14240"}],"wp:attachment":[{"href":"https:\/\/www.paysagesrossignol.com\/en\/wp-json\/wp\/v2\/media?parent=14239"}],"wp:term":[{"taxonomy":"product_cat","embeddable":true,"href":"https:\/\/www.paysagesrossignol.com\/en\/wp-json\/wp\/v2\/product_cat?post=14239"},{"taxonomy":"product_tag","embeddable":true,"href":"https:\/\/www.paysagesrossignol.com\/en\/wp-json\/wp\/v2\/product_tag?post=14239"}],"curies":[{"name":"wp","href":"https:\/\/api.w.org\/{rel}","templated":true}]}}