{"id":14249,"date":"2026-03-10T00:00:37","date_gmt":"2026-03-10T04:00:37","guid":{"rendered":"https:\/\/www.paysagesrossignol.com\/produit\/laitue-regal-oak\/"},"modified":"2026-03-20T12:49:40","modified_gmt":"2026-03-20T16:49:40","slug":"laitue-regal-oak","status":"publish","type":"product","link":"https:\/\/www.paysagesrossignol.com\/en\/produit\/laitue-regal-oak\/","title":{"rendered":"Laitue Feuille de Ch\u00eane Verte Regal Oak &#8211; Bio"},"content":{"rendered":"<h1>Voir disponibilit\u00e9 en magasin<\/h1>\n<p>Feuille de ch\u00eane verte, longue et \u00e9troite. Pour manger enti\u00e8re ou en b\u00e9b\u00e9 feuilles.<\/p>\n<p>400 semences<\/p>\n<p>Tournesol<\/p>\n<p>&nbsp;<\/p>\n","protected":false},"excerpt":{"rendered":"<p>Voir disponibilit\u00e9 en magasin Feuille de ch\u00eane verte, longue et \u00e9troite. Pour manger enti\u00e8re ou en b\u00e9b\u00e9 feuilles. 400 semences Tournesol &nbsp;<\/p>\n","protected":false},"featured_media":14250,"template":"","meta":[],"product_cat":[123],"product_tag":[],"acf":[],"_links":{"self":[{"href":"https:\/\/www.paysagesrossignol.com\/en\/wp-json\/wp\/v2\/product\/14249"}],"collection":[{"href":"https:\/\/www.paysagesrossignol.com\/en\/wp-json\/wp\/v2\/product"}],"about":[{"href":"https:\/\/www.paysagesrossignol.com\/en\/wp-json\/wp\/v2\/types\/product"}],"wp:featuredmedia":[{"embeddable":true,"href":"https:\/\/www.paysagesrossignol.com\/en\/wp-json\/wp\/v2\/media\/14250"}],"wp:attachment":[{"href":"https:\/\/www.paysagesrossignol.com\/en\/wp-json\/wp\/v2\/media?parent=14249"}],"wp:term":[{"taxonomy":"product_cat","embeddable":true,"href":"https:\/\/www.paysagesrossignol.com\/en\/wp-json\/wp\/v2\/product_cat?post=14249"},{"taxonomy":"product_tag","embeddable":true,"href":"https:\/\/www.paysagesrossignol.com\/en\/wp-json\/wp\/v2\/product_tag?post=14249"}],"curies":[{"name":"wp","href":"https:\/\/api.w.org\/{rel}","templated":true}]}}