{"id":14278,"date":"2026-03-10T00:00:50","date_gmt":"2026-03-10T04:00:50","guid":{"rendered":"https:\/\/www.paysagesrossignol.com\/produit\/poivron-doux-gatherers-gold\/"},"modified":"2026-03-20T09:01:53","modified_gmt":"2026-03-20T13:01:53","slug":"poivron-doux-gatherers-gold","status":"publish","type":"product","link":"https:\/\/www.paysagesrossignol.com\/en\/produit\/poivron-doux-gatherers-gold\/","title":{"rendered":"Poivron Doux Gatherer&#8217;s Gold &#8211; Bio"},"content":{"rendered":"<h1>Voir disponibilit\u00e9 en magasin<\/h1>\n<p>Poivron doux de type italien orang\u00e9 \u00e0 maturit\u00e9. Plants vigoureux et fruits contenant peu de semences.<\/p>\n<p>25 semences<\/p>\n<p>Tournesol<\/p>\n<p>&nbsp;<\/p>\n","protected":false},"excerpt":{"rendered":"<p>Voir disponibilit\u00e9 en magasin Poivron doux de type italien orang\u00e9 \u00e0 maturit\u00e9. Plants vigoureux et fruits contenant peu de semences. 25 semences Tournesol &nbsp;<\/p>\n","protected":false},"featured_media":14279,"template":"","meta":[],"product_cat":[123],"product_tag":[],"acf":[],"_links":{"self":[{"href":"https:\/\/www.paysagesrossignol.com\/en\/wp-json\/wp\/v2\/product\/14278"}],"collection":[{"href":"https:\/\/www.paysagesrossignol.com\/en\/wp-json\/wp\/v2\/product"}],"about":[{"href":"https:\/\/www.paysagesrossignol.com\/en\/wp-json\/wp\/v2\/types\/product"}],"wp:featuredmedia":[{"embeddable":true,"href":"https:\/\/www.paysagesrossignol.com\/en\/wp-json\/wp\/v2\/media\/14279"}],"wp:attachment":[{"href":"https:\/\/www.paysagesrossignol.com\/en\/wp-json\/wp\/v2\/media?parent=14278"}],"wp:term":[{"taxonomy":"product_cat","embeddable":true,"href":"https:\/\/www.paysagesrossignol.com\/en\/wp-json\/wp\/v2\/product_cat?post=14278"},{"taxonomy":"product_tag","embeddable":true,"href":"https:\/\/www.paysagesrossignol.com\/en\/wp-json\/wp\/v2\/product_tag?post=14278"}],"curies":[{"name":"wp","href":"https:\/\/api.w.org\/{rel}","templated":true}]}}