{"id":14288,"date":"2026-03-10T00:00:58","date_gmt":"2026-03-10T04:00:58","guid":{"rendered":"https:\/\/www.paysagesrossignol.com\/produit\/tomate-rouge-montreal-tasty\/"},"modified":"2026-03-20T08:52:43","modified_gmt":"2026-03-20T12:52:43","slug":"tomate-rouge-montreal-tasty","status":"publish","type":"product","link":"https:\/\/www.paysagesrossignol.com\/en\/produit\/tomate-rouge-montreal-tasty\/","title":{"rendered":"Tomate Rouge Montreal Tasty &#8211; Bio"},"content":{"rendered":"<h1>Voir disponibilit\u00e9 en magasin<\/h1>\n<p>Tomate \u00e0 trancher rouge de grosseur moyenne, sur plants compacts. Du PATRIMOINE. Ind\u00e9termin\u00e9e.<\/p>\n<p>50 semences<\/p>\n<p>Tournesol<\/p>\n<p>&nbsp;<\/p>\n<p>&nbsp;<\/p>\n","protected":false},"excerpt":{"rendered":"<p>Voir disponibilit\u00e9 en magasin Tomate \u00e0 trancher rouge de grosseur moyenne, sur plants compacts. Du PATRIMOINE. Ind\u00e9termin\u00e9e. 50 semences Tournesol &nbsp; &nbsp;<\/p>\n","protected":false},"featured_media":14289,"template":"","meta":[],"product_cat":[123],"product_tag":[],"acf":[],"_links":{"self":[{"href":"https:\/\/www.paysagesrossignol.com\/en\/wp-json\/wp\/v2\/product\/14288"}],"collection":[{"href":"https:\/\/www.paysagesrossignol.com\/en\/wp-json\/wp\/v2\/product"}],"about":[{"href":"https:\/\/www.paysagesrossignol.com\/en\/wp-json\/wp\/v2\/types\/product"}],"wp:featuredmedia":[{"embeddable":true,"href":"https:\/\/www.paysagesrossignol.com\/en\/wp-json\/wp\/v2\/media\/14289"}],"wp:attachment":[{"href":"https:\/\/www.paysagesrossignol.com\/en\/wp-json\/wp\/v2\/media?parent=14288"}],"wp:term":[{"taxonomy":"product_cat","embeddable":true,"href":"https:\/\/www.paysagesrossignol.com\/en\/wp-json\/wp\/v2\/product_cat?post=14288"},{"taxonomy":"product_tag","embeddable":true,"href":"https:\/\/www.paysagesrossignol.com\/en\/wp-json\/wp\/v2\/product_tag?post=14288"}],"curies":[{"name":"wp","href":"https:\/\/api.w.org\/{rel}","templated":true}]}}